{"id":896,"date":"2022-01-17T18:27:11","date_gmt":"2022-01-17T16:27:11","guid":{"rendered":"https:\/\/eliasdecoracio.es\/?page_id=896"},"modified":"2024-04-09T15:08:00","modified_gmt":"2024-04-09T13:08:00","slug":"centro-palamos","status":"publish","type":"page","link":"https:\/\/eliasdecoracio.es\/es\/nuestras-tiendas-elias-decoracio\/centro-palamos\/","title":{"rendered":"Centro Palam\u00f3s"},"content":{"rendered":"\t\t<div data-elementor-type=\"wp-page\" data-elementor-id=\"896\" class=\"elementor elementor-896\">\n\t\t\t\t\t\t<div class=\"elementor-inner\">\n\t\t\t\t<div class=\"elementor-section-wrap\">\n\t\t\t\t\t\t\t\t\t<section class=\"elementor-section elementor-top-section elementor-element elementor-element-8fff1b1 elementor-section-height-min-height elementor-section-content-middle elementor-section-boxed elementor-section-height-default elementor-section-items-middle\" data-id=\"8fff1b1\" data-element_type=\"section\" data-settings=\"{&quot;background_background&quot;:&quot;classic&quot;}\">\n\t\t\t\t\t\t<div class=\"elementor-container elementor-column-gap-default\">\n\t\t\t\t\t\t\t<div class=\"elementor-row\">\n\t\t\t\t\t<div class=\"elementor-column elementor-col-100 elementor-top-column elementor-element elementor-element-e35a2e2\" data-id=\"e35a2e2\" data-element_type=\"column\">\n\t\t\t<div class=\"elementor-column-wrap elementor-element-populated\">\n\t\t\t\t\t\t\t<div class=\"elementor-widget-wrap\">\n\t\t\t\t\t\t<div class=\"elementor-element elementor-element-236c969 elementor-widget elementor-widget-heading\" data-id=\"236c969\" data-element_type=\"widget\" data-widget_type=\"heading.default\">\n\t\t\t\t<div class=\"elementor-widget-container\">\n\t\t\t<h2 class=\"elementor-heading-title elementor-size-large\">Descubre nuestra tienda de Palam\u00f3s<\/h2>\t\t<\/div>\n\t\t\t\t<\/div>\n\t\t\t\t<div class=\"elementor-element elementor-element-de780a3 elementor-widget elementor-widget-text-editor\" data-id=\"de780a3\" data-element_type=\"widget\" data-widget_type=\"text-editor.default\">\n\t\t\t\t<div class=\"elementor-widget-container\">\n\t\t\t\t\t\t\t\t<div class=\"elementor-text-editor elementor-clearfix\">\n\t\t\t\t<p>Disponemos en nuestra tienda de Palam\u00f3s de una amplia gama de pinturas<\/p>\t\t\t\t\t<\/div>\n\t\t\t\t\t\t<\/div>\n\t\t\t\t<\/div>\n\t\t\t\t\t\t<\/div>\n\t\t\t\t\t<\/div>\n\t\t<\/div>\n\t\t\t\t\t\t\t\t<\/div>\n\t\t\t\t\t<\/div>\n\t\t<\/section>\n\t\t\t\t<section class=\"elementor-section elementor-top-section elementor-element elementor-element-24cf63b elementor-section-boxed elementor-section-height-default elementor-section-height-default\" data-id=\"24cf63b\" data-element_type=\"section\">\n\t\t\t\t\t\t<div class=\"elementor-container elementor-column-gap-default\">\n\t\t\t\t\t\t\t<div class=\"elementor-row\">\n\t\t\t\t\t<div class=\"elementor-column elementor-col-100 elementor-top-column elementor-element elementor-element-86ac5cf\" data-id=\"86ac5cf\" data-element_type=\"column\">\n\t\t\t<div class=\"elementor-column-wrap elementor-element-populated\">\n\t\t\t\t\t\t\t<div class=\"elementor-widget-wrap\">\n\t\t\t\t\t\t<div class=\"elementor-element elementor-element-918c491 elementor-widget elementor-widget-heading\" data-id=\"918c491\" data-element_type=\"widget\" data-widget_type=\"heading.default\">\n\t\t\t\t<div class=\"elementor-widget-container\">\n\t\t\t<h3 class=\"elementor-heading-title elementor-size-large\">Nuestra tienda en Palam\u00f3s<\/h3>\t\t<\/div>\n\t\t\t\t<\/div>\n\t\t\t\t\t\t<\/div>\n\t\t\t\t\t<\/div>\n\t\t<\/div>\n\t\t\t\t\t\t\t\t<\/div>\n\t\t\t\t\t<\/div>\n\t\t<\/section>\n\t\t\t\t<section class=\"elementor-section elementor-top-section elementor-element elementor-element-bb8af03 elementor-section-full_width elementor-section-content-middle elementor-section-height-default elementor-section-height-default\" data-id=\"bb8af03\" data-element_type=\"section\">\n\t\t\t\t\t\t<div class=\"elementor-container elementor-column-gap-no\">\n\t\t\t\t\t\t\t<div class=\"elementor-row\">\n\t\t\t\t\t<div class=\"elementor-column elementor-col-100 elementor-top-column elementor-element elementor-element-5244302\" data-id=\"5244302\" data-element_type=\"column\">\n\t\t\t<div class=\"elementor-column-wrap elementor-element-populated\">\n\t\t\t\t\t\t\t<div class=\"elementor-widget-wrap\">\n\t\t\t\t\t\t<div class=\"elementor-element elementor-element-6931913 elementor-widget elementor-widget-google_maps\" data-id=\"6931913\" data-element_type=\"widget\" data-widget_type=\"google_maps.default\">\n\t\t\t\t<div class=\"elementor-widget-container\">\n\t\t\t\t\t<div class=\"elementor-custom-embed\">\n\t\t\t<iframe loading=\"lazy\"\n\t\t\t\t\tsrc=\"https:\/\/maps.google.com\/maps?q=Carrer%20de%20la%20Rutlla%20Alta%2C%2012%2C%2017230%20Palam%C3%B3s%2C%20Girona&#038;t=m&#038;z=10&#038;output=embed&#038;iwloc=near\"\n\t\t\t\t\ttitle=\"Carrer de la Rutlla Alta, 12, 17230 Palam\u00f3s, Girona\"\n\t\t\t\t\taria-label=\"Carrer de la Rutlla Alta, 12, 17230 Palam\u00f3s, Girona\"\n\t\t\t><\/iframe>\n\t\t<\/div>\n\t\t\t\t<\/div>\n\t\t\t\t<\/div>\n\t\t\t\t\t\t<\/div>\n\t\t\t\t\t<\/div>\n\t\t<\/div>\n\t\t\t\t\t\t\t\t<\/div>\n\t\t\t\t\t<\/div>\n\t\t<\/section>\n\t\t\t\t<section class=\"elementor-section elementor-top-section elementor-element elementor-element-507a93c elementor-section-boxed elementor-section-height-default elementor-section-height-default\" data-id=\"507a93c\" data-element_type=\"section\">\n\t\t\t\t\t\t<div class=\"elementor-container elementor-column-gap-default\">\n\t\t\t\t\t\t\t<div class=\"elementor-row\">\n\t\t\t\t\t<div class=\"elementor-column elementor-col-100 elementor-top-column elementor-element elementor-element-764a446\" data-id=\"764a446\" data-element_type=\"column\">\n\t\t\t<div class=\"elementor-column-wrap elementor-element-populated\">\n\t\t\t\t\t\t\t<div class=\"elementor-widget-wrap\">\n\t\t\t\t\t\t<div class=\"elementor-element elementor-element-885e85f elementor-icon-list--layout-inline elementor-list-item-link-inline elementor-align-center elementor-widget elementor-widget-icon-list\" data-id=\"885e85f\" data-element_type=\"widget\" data-widget_type=\"icon-list.default\">\n\t\t\t\t<div class=\"elementor-widget-container\">\n\t\t\t\t\t<ul class=\"elementor-icon-list-items elementor-inline-items\">\n\t\t\t\t\t\t\t<li class=\"elementor-icon-list-item elementor-inline-item\">\n\t\t\t\t\t\t\t\t\t\t\t<span class=\"elementor-icon-list-icon\">\n\t\t\t\t\t\t\t<i aria-hidden=\"true\" class=\"fas fa-home\"><\/i>\t\t\t\t\t\t<\/span>\n\t\t\t\t\t\t\t\t\t\t<span class=\"elementor-icon-list-text\">Carrer de la Rutlla Alta, 12, 17230 Palam\u00f3s, Girona<\/span>\n\t\t\t\t\t\t\t\t\t<\/li>\n\t\t\t\t\t\t\t\t<li class=\"elementor-icon-list-item elementor-inline-item\">\n\t\t\t\t\t\t\t\t\t\t\t<a href=\"tel:+972313750\">\n\n\t\t\t\t\t\t\t\t\t\t\t\t<span class=\"elementor-icon-list-icon\">\n\t\t\t\t\t\t\t<i aria-hidden=\"true\" class=\"fas fa-phone-square\"><\/i>\t\t\t\t\t\t<\/span>\n\t\t\t\t\t\t\t\t\t\t<span class=\"elementor-icon-list-text\">972 31 37 50<\/span>\n\t\t\t\t\t\t\t\t\t\t\t<\/a>\n\t\t\t\t\t\t\t\t\t<\/li>\n\t\t\t\t\t\t\t\t<li class=\"elementor-icon-list-item elementor-inline-item\">\n\t\t\t\t\t\t\t\t\t\t\t<span class=\"elementor-icon-list-icon\">\n\t\t\t\t\t\t\t<i aria-hidden=\"true\" class=\"far fa-calendar-check\"><\/i>\t\t\t\t\t\t<\/span>\n\t\t\t\t\t\t\t\t\t\t<span class=\"elementor-icon-list-text\">Dll - Dv: 7:30h a 19h<\/span>\n\t\t\t\t\t\t\t\t\t<\/li>\n\t\t\t\t\t\t\t\t<li class=\"elementor-icon-list-item elementor-inline-item\">\n\t\t\t\t\t\t\t\t\t\t\t<span class=\"elementor-icon-list-icon\">\n\t\t\t\t\t\t\t<i aria-hidden=\"true\" class=\"far fa-calendar-check\"><\/i>\t\t\t\t\t\t<\/span>\n\t\t\t\t\t\t\t\t\t\t<span class=\"elementor-icon-list-text\">Diss: 7:30h a 19h<\/span>\n\t\t\t\t\t\t\t\t\t<\/li>\n\t\t\t\t\t\t\t\t<li class=\"elementor-icon-list-item elementor-inline-item\">\n\t\t\t\t\t\t\t\t\t\t\t<a href=\"mailto:palamos@eliasdecoracio.es\">\n\n\t\t\t\t\t\t\t\t\t\t\t\t<span class=\"elementor-icon-list-icon\">\n\t\t\t\t\t\t\t<i aria-hidden=\"true\" class=\"fas fa-envelope\"><\/i>\t\t\t\t\t\t<\/span>\n\t\t\t\t\t\t\t\t\t\t<span class=\"elementor-icon-list-text\">palamos@eliasdecoracio.es<\/span>\n\t\t\t\t\t\t\t\t\t\t\t<\/a>\n\t\t\t\t\t\t\t\t\t<\/li>\n\t\t\t\t\t\t<\/ul>\n\t\t\t\t<\/div>\n\t\t\t\t<\/div>\n\t\t\t\t\t\t<\/div>\n\t\t\t\t\t<\/div>\n\t\t<\/div>\n\t\t\t\t\t\t\t\t<\/div>\n\t\t\t\t\t<\/div>\n\t\t<\/section>\n\t\t\t\t\t\t\t\t\t<\/div>\n\t\t\t<\/div>\n\t\t\t\t\t<\/div>\n\t\t","protected":false},"excerpt":{"rendered":"<p>Descubre nuestra tienda de Palam\u00f3s Disponemos en nuestra tienda de Palam\u00f3s de una amplia gama de pinturas Nuestra tienda en Palam\u00f3s Carrer de la Rutlla Alta, 12, 17230 Palam\u00f3s, Girona 972 31 37 50 Dll &#8211; Dv: 7:30h a 19h Diss: 7:30h a 19h palamos@eliasdecoracio.es<\/p>\n","protected":false},"author":2,"featured_media":0,"parent":452,"menu_order":0,"comment_status":"closed","ping_status":"closed","template":"elementor_header_footer","meta":{"inline_featured_image":false},"yoast_head":"<!-- This site is optimized with the Yoast SEO plugin v20.5 - https:\/\/yoast.com\/wordpress\/plugins\/seo\/ -->\n<title>Centro Palam\u00f3s - Elias Decoraci\u00f3 |\u00a0Especialistas en pinturas industriales y decoraci\u00f3n en Barcelona<\/title>\n<meta name=\"robots\" content=\"index, follow, max-snippet:-1, max-image-preview:large, max-video-preview:-1\" \/>\n<link rel=\"canonical\" href=\"https:\/\/eliasdecoracio.es\/es\/nuestras-tiendas-elias-decoracio\/centro-palamos\/\" \/>\n<meta property=\"og:locale\" content=\"es_ES\" \/>\n<meta property=\"og:type\" content=\"article\" \/>\n<meta property=\"og:title\" content=\"Centro Palam\u00f3s - Elias Decoraci\u00f3 |\u00a0Especialistas en pinturas industriales y decoraci\u00f3n en Barcelona\" \/>\n<meta property=\"og:description\" content=\"Descubre nuestra tienda de Palam\u00f3s Disponemos en nuestra tienda de Palam\u00f3s de una amplia gama de pinturas Nuestra tienda en Palam\u00f3s Carrer de la Rutlla Alta, 12, 17230 Palam\u00f3s, Girona 972 31 37 50 Dll &#8211; Dv: 7:30h a 19h Diss: 7:30h a 19h palamos@eliasdecoracio.es\" \/>\n<meta property=\"og:url\" content=\"https:\/\/eliasdecoracio.es\/es\/nuestras-tiendas-elias-decoracio\/centro-palamos\/\" \/>\n<meta property=\"og:site_name\" content=\"Elias Decoraci\u00f3 |\u00a0Especialistas en pinturas industriales y decoraci\u00f3n en Barcelona\" \/>\n<meta property=\"article:modified_time\" content=\"2024-04-09T13:08:00+00:00\" \/>\n<meta name=\"twitter:card\" content=\"summary_large_image\" \/>\n<meta name=\"twitter:label1\" content=\"Tiempo de lectura\" \/>\n\t<meta name=\"twitter:data1\" content=\"1 minuto\" \/>\n<script type=\"application\/ld+json\" class=\"yoast-schema-graph\">{\"@context\":\"https:\/\/schema.org\",\"@graph\":[{\"@type\":\"WebPage\",\"@id\":\"https:\/\/eliasdecoracio.es\/es\/nuestras-tiendas-elias-decoracio\/centro-palamos\/\",\"url\":\"https:\/\/eliasdecoracio.es\/es\/nuestras-tiendas-elias-decoracio\/centro-palamos\/\",\"name\":\"Centro Palam\u00f3s - Elias Decoraci\u00f3 |\u00a0Especialistas en pinturas industriales y decoraci\u00f3n en Barcelona\",\"isPartOf\":{\"@id\":\"https:\/\/eliasdecoracio.es\/#website\"},\"datePublished\":\"2022-01-17T16:27:11+00:00\",\"dateModified\":\"2024-04-09T13:08:00+00:00\",\"breadcrumb\":{\"@id\":\"https:\/\/eliasdecoracio.es\/es\/nuestras-tiendas-elias-decoracio\/centro-palamos\/#breadcrumb\"},\"inLanguage\":\"es\",\"potentialAction\":[{\"@type\":\"ReadAction\",\"target\":[\"https:\/\/eliasdecoracio.es\/es\/nuestras-tiendas-elias-decoracio\/centro-palamos\/\"]}]},{\"@type\":\"BreadcrumbList\",\"@id\":\"https:\/\/eliasdecoracio.es\/es\/nuestras-tiendas-elias-decoracio\/centro-palamos\/#breadcrumb\",\"itemListElement\":[{\"@type\":\"ListItem\",\"position\":1,\"name\":\"Inici\",\"item\":\"https:\/\/eliasdecoracio.es\/\"},{\"@type\":\"ListItem\",\"position\":2,\"name\":\"Nuestras tiendas Elias decoraci\u00f3\",\"item\":\"https:\/\/eliasdecoracio.es\/les-nostres-botigues-elias-decoracio\/\"},{\"@type\":\"ListItem\",\"position\":3,\"name\":\"Centro Palam\u00f3s\"}]},{\"@type\":\"WebSite\",\"@id\":\"https:\/\/eliasdecoracio.es\/#website\",\"url\":\"https:\/\/eliasdecoracio.es\/\",\"name\":\"Elias Decoraci\u00f3 |\u00a0Especialistas en pinturas industriales y decoraci\u00f3n en Barcelona\",\"description\":\"Especialistas en pinturas industriales y decoraci\u00f3n en Barcelona, Puigerd\u00e0 y Gerona.\",\"publisher\":{\"@id\":\"https:\/\/eliasdecoracio.es\/#organization\"},\"potentialAction\":[{\"@type\":\"SearchAction\",\"target\":{\"@type\":\"EntryPoint\",\"urlTemplate\":\"https:\/\/eliasdecoracio.es\/?s={search_term_string}\"},\"query-input\":\"required name=search_term_string\"}],\"inLanguage\":\"es\"},{\"@type\":\"Organization\",\"@id\":\"https:\/\/eliasdecoracio.es\/#organization\",\"name\":\"Elias Decoraci\u00f3 |\u00a0Especialistas en pinturas industriales y decoraci\u00f3n en Barcelona\",\"url\":\"https:\/\/eliasdecoracio.es\/\",\"logo\":{\"@type\":\"ImageObject\",\"inLanguage\":\"es\",\"@id\":\"https:\/\/eliasdecoracio.es\/#\/schema\/logo\/image\/\",\"url\":\"https:\/\/eliasdecoracio.es\/wp-content\/uploads\/2020\/09\/logo-elias-png.png\",\"contentUrl\":\"https:\/\/eliasdecoracio.es\/wp-content\/uploads\/2020\/09\/logo-elias-png.png\",\"width\":1200,\"height\":1200,\"caption\":\"Elias Decoraci\u00f3 |\u00a0Especialistas en pinturas industriales y decoraci\u00f3n en Barcelona\"},\"image\":{\"@id\":\"https:\/\/eliasdecoracio.es\/#\/schema\/logo\/image\/\"}}]}<\/script>\n<!-- \/ Yoast SEO plugin. -->","yoast_head_json":{"title":"Centro Palam\u00f3s - Elias Decoraci\u00f3 |\u00a0Especialistas en pinturas industriales y decoraci\u00f3n en Barcelona","robots":{"index":"index","follow":"follow","max-snippet":"max-snippet:-1","max-image-preview":"max-image-preview:large","max-video-preview":"max-video-preview:-1"},"canonical":"https:\/\/eliasdecoracio.es\/es\/nuestras-tiendas-elias-decoracio\/centro-palamos\/","og_locale":"es_ES","og_type":"article","og_title":"Centro Palam\u00f3s - Elias Decoraci\u00f3 |\u00a0Especialistas en pinturas industriales y decoraci\u00f3n en Barcelona","og_description":"Descubre nuestra tienda de Palam\u00f3s Disponemos en nuestra tienda de Palam\u00f3s de una amplia gama de pinturas Nuestra tienda en Palam\u00f3s Carrer de la Rutlla Alta, 12, 17230 Palam\u00f3s, Girona 972 31 37 50 Dll &#8211; Dv: 7:30h a 19h Diss: 7:30h a 19h palamos@eliasdecoracio.es","og_url":"https:\/\/eliasdecoracio.es\/es\/nuestras-tiendas-elias-decoracio\/centro-palamos\/","og_site_name":"Elias Decoraci\u00f3 |\u00a0Especialistas en pinturas industriales y decoraci\u00f3n en Barcelona","article_modified_time":"2024-04-09T13:08:00+00:00","twitter_card":"summary_large_image","twitter_misc":{"Tiempo de lectura":"1 minuto"},"schema":{"@context":"https:\/\/schema.org","@graph":[{"@type":"WebPage","@id":"https:\/\/eliasdecoracio.es\/es\/nuestras-tiendas-elias-decoracio\/centro-palamos\/","url":"https:\/\/eliasdecoracio.es\/es\/nuestras-tiendas-elias-decoracio\/centro-palamos\/","name":"Centro Palam\u00f3s - Elias Decoraci\u00f3 |\u00a0Especialistas en pinturas industriales y decoraci\u00f3n en Barcelona","isPartOf":{"@id":"https:\/\/eliasdecoracio.es\/#website"},"datePublished":"2022-01-17T16:27:11+00:00","dateModified":"2024-04-09T13:08:00+00:00","breadcrumb":{"@id":"https:\/\/eliasdecoracio.es\/es\/nuestras-tiendas-elias-decoracio\/centro-palamos\/#breadcrumb"},"inLanguage":"es","potentialAction":[{"@type":"ReadAction","target":["https:\/\/eliasdecoracio.es\/es\/nuestras-tiendas-elias-decoracio\/centro-palamos\/"]}]},{"@type":"BreadcrumbList","@id":"https:\/\/eliasdecoracio.es\/es\/nuestras-tiendas-elias-decoracio\/centro-palamos\/#breadcrumb","itemListElement":[{"@type":"ListItem","position":1,"name":"Inici","item":"https:\/\/eliasdecoracio.es\/"},{"@type":"ListItem","position":2,"name":"Nuestras tiendas Elias decoraci\u00f3","item":"https:\/\/eliasdecoracio.es\/les-nostres-botigues-elias-decoracio\/"},{"@type":"ListItem","position":3,"name":"Centro Palam\u00f3s"}]},{"@type":"WebSite","@id":"https:\/\/eliasdecoracio.es\/#website","url":"https:\/\/eliasdecoracio.es\/","name":"Elias Decoraci\u00f3 |\u00a0Especialistas en pinturas industriales y decoraci\u00f3n en Barcelona","description":"Especialistas en pinturas industriales y decoraci\u00f3n en Barcelona, Puigerd\u00e0 y Gerona.","publisher":{"@id":"https:\/\/eliasdecoracio.es\/#organization"},"potentialAction":[{"@type":"SearchAction","target":{"@type":"EntryPoint","urlTemplate":"https:\/\/eliasdecoracio.es\/?s={search_term_string}"},"query-input":"required name=search_term_string"}],"inLanguage":"es"},{"@type":"Organization","@id":"https:\/\/eliasdecoracio.es\/#organization","name":"Elias Decoraci\u00f3 |\u00a0Especialistas en pinturas industriales y decoraci\u00f3n en Barcelona","url":"https:\/\/eliasdecoracio.es\/","logo":{"@type":"ImageObject","inLanguage":"es","@id":"https:\/\/eliasdecoracio.es\/#\/schema\/logo\/image\/","url":"https:\/\/eliasdecoracio.es\/wp-content\/uploads\/2020\/09\/logo-elias-png.png","contentUrl":"https:\/\/eliasdecoracio.es\/wp-content\/uploads\/2020\/09\/logo-elias-png.png","width":1200,"height":1200,"caption":"Elias Decoraci\u00f3 |\u00a0Especialistas en pinturas industriales y decoraci\u00f3n en Barcelona"},"image":{"@id":"https:\/\/eliasdecoracio.es\/#\/schema\/logo\/image\/"}}]}},"_links":{"self":[{"href":"https:\/\/eliasdecoracio.es\/es\/wp-json\/wp\/v2\/pages\/896"}],"collection":[{"href":"https:\/\/eliasdecoracio.es\/es\/wp-json\/wp\/v2\/pages"}],"about":[{"href":"https:\/\/eliasdecoracio.es\/es\/wp-json\/wp\/v2\/types\/page"}],"author":[{"embeddable":true,"href":"https:\/\/eliasdecoracio.es\/es\/wp-json\/wp\/v2\/users\/2"}],"replies":[{"embeddable":true,"href":"https:\/\/eliasdecoracio.es\/es\/wp-json\/wp\/v2\/comments?post=896"}],"version-history":[{"count":23,"href":"https:\/\/eliasdecoracio.es\/es\/wp-json\/wp\/v2\/pages\/896\/revisions"}],"predecessor-version":[{"id":1715,"href":"https:\/\/eliasdecoracio.es\/es\/wp-json\/wp\/v2\/pages\/896\/revisions\/1715"}],"up":[{"embeddable":true,"href":"https:\/\/eliasdecoracio.es\/es\/wp-json\/wp\/v2\/pages\/452"}],"wp:attachment":[{"href":"https:\/\/eliasdecoracio.es\/es\/wp-json\/wp\/v2\/media?parent=896"}],"curies":[{"name":"wp","href":"https:\/\/api.w.org\/{rel}","templated":true}]}}