{"id":549,"date":"2020-10-19T18:20:30","date_gmt":"2020-10-19T16:20:30","guid":{"rendered":"https:\/\/eliasdecoracio.es\/servicios\/gamma-de-productes\/"},"modified":"2023-03-31T12:05:44","modified_gmt":"2023-03-31T10:05:44","slug":"gama-de-productos","status":"publish","type":"page","link":"https:\/\/eliasdecoracio.es\/es\/servicios\/gama-de-productos\/","title":{"rendered":"Gama de productos"},"content":{"rendered":"\t\t<div data-elementor-type=\"wp-page\" data-elementor-id=\"549\" class=\"elementor elementor-549 elementor-272\">\n\t\t\t\t\t\t<div class=\"elementor-inner\">\n\t\t\t\t<div class=\"elementor-section-wrap\">\n\t\t\t\t\t\t\t\t\t<section class=\"elementor-section elementor-top-section elementor-element elementor-element-5b7b1e8 elementor-section-boxed elementor-section-height-default elementor-section-height-default\" data-id=\"5b7b1e8\" data-element_type=\"section\" data-settings=\"{&quot;background_background&quot;:&quot;classic&quot;}\">\n\t\t\t\t\t\t\t<div class=\"elementor-background-overlay\"><\/div>\n\t\t\t\t\t\t\t<div class=\"elementor-container elementor-column-gap-default\">\n\t\t\t\t\t\t\t<div class=\"elementor-row\">\n\t\t\t\t\t<div class=\"elementor-column elementor-col-100 elementor-top-column elementor-element elementor-element-25bcf55\" data-id=\"25bcf55\" data-element_type=\"column\">\n\t\t\t<div class=\"elementor-column-wrap elementor-element-populated\">\n\t\t\t\t\t\t\t<div class=\"elementor-widget-wrap\">\n\t\t\t\t\t\t<div class=\"elementor-element elementor-element-8e4303e elementor-widget elementor-widget-heading\" data-id=\"8e4303e\" data-element_type=\"widget\" data-widget_type=\"heading.default\">\n\t\t\t\t<div class=\"elementor-widget-container\">\n\t\t\t<h2 class=\"elementor-heading-title elementor-size-large\">Gama de productos<\/h2>\t\t<\/div>\n\t\t\t\t<\/div>\n\t\t\t\t<div class=\"elementor-element elementor-element-84ed905 elementor-widget elementor-widget-heading\" data-id=\"84ed905\" data-element_type=\"widget\" data-widget_type=\"heading.default\">\n\t\t\t\t<div class=\"elementor-widget-container\">\n\t\t\t<p class=\"elementor-heading-title elementor-size-medium\">Amplia gama de productos para satisfacer todas sus necesidades.<\/p>\t\t<\/div>\n\t\t\t\t<\/div>\n\t\t\t\t\t\t<\/div>\n\t\t\t\t\t<\/div>\n\t\t<\/div>\n\t\t\t\t\t\t\t\t<\/div>\n\t\t\t\t\t<\/div>\n\t\t<\/section>\n\t\t\t\t<section class=\"elementor-section elementor-top-section elementor-element elementor-element-11ec71c elementor-section-boxed elementor-section-height-default elementor-section-height-default\" data-id=\"11ec71c\" data-element_type=\"section\">\n\t\t\t\t\t\t<div class=\"elementor-container elementor-column-gap-default\">\n\t\t\t\t\t\t\t<div class=\"elementor-row\">\n\t\t\t\t\t<div class=\"elementor-column elementor-col-100 elementor-top-column elementor-element elementor-element-dd4a02b\" data-id=\"dd4a02b\" data-element_type=\"column\">\n\t\t\t<div class=\"elementor-column-wrap elementor-element-populated\">\n\t\t\t\t\t\t\t<div class=\"elementor-widget-wrap\">\n\t\t\t\t\t\t<div class=\"elementor-element elementor-element-531b19b elementor-widget elementor-widget-spacer\" data-id=\"531b19b\" data-element_type=\"widget\" data-widget_type=\"spacer.default\">\n\t\t\t\t<div class=\"elementor-widget-container\">\n\t\t\t\t\t<div class=\"elementor-spacer\">\n\t\t\t<div class=\"elementor-spacer-inner\"><\/div>\n\t\t<\/div>\n\t\t\t\t<\/div>\n\t\t\t\t<\/div>\n\t\t\t\t\t\t<\/div>\n\t\t\t\t\t<\/div>\n\t\t<\/div>\n\t\t\t\t\t\t\t\t<\/div>\n\t\t\t\t\t<\/div>\n\t\t<\/section>\n\t\t\t\t<section class=\"elementor-section elementor-top-section elementor-element elementor-element-8c61fff elementor-section-boxed elementor-section-height-default elementor-section-height-default\" data-id=\"8c61fff\" data-element_type=\"section\">\n\t\t\t\t\t\t<div class=\"elementor-container elementor-column-gap-default\">\n\t\t\t\t\t\t\t<div class=\"elementor-row\">\n\t\t\t\t\t<div class=\"elementor-column elementor-col-100 elementor-top-column elementor-element elementor-element-7b76e68\" data-id=\"7b76e68\" data-element_type=\"column\">\n\t\t\t<div class=\"elementor-column-wrap elementor-element-populated\">\n\t\t\t\t\t\t\t<div class=\"elementor-widget-wrap\">\n\t\t\t\t\t\t<section class=\"elementor-section elementor-inner-section elementor-element elementor-element-6cfb2d3 elementor-section-content-middle elementor-section-boxed elementor-section-height-default elementor-section-height-default\" data-id=\"6cfb2d3\" data-element_type=\"section\">\n\t\t\t\t\t\t<div class=\"elementor-container elementor-column-gap-no\">\n\t\t\t\t\t\t\t<div class=\"elementor-row\">\n\t\t\t\t\t<div class=\"elementor-column elementor-col-50 elementor-inner-column elementor-element elementor-element-1385bdc\" data-id=\"1385bdc\" data-element_type=\"column\">\n\t\t\t<div class=\"elementor-column-wrap elementor-element-populated\">\n\t\t\t\t\t\t\t<div class=\"elementor-widget-wrap\">\n\t\t\t\t\t\t<div class=\"elementor-element elementor-element-c654634 elementor-widget elementor-widget-heading\" data-id=\"c654634\" data-element_type=\"widget\" data-widget_type=\"heading.default\">\n\t\t\t\t<div class=\"elementor-widget-container\">\n\t\t\t<h2 class=\"elementor-heading-title elementor-size-large\">\u00bfNecesitas que te creemos un color?<\/h2>\t\t<\/div>\n\t\t\t\t<\/div>\n\t\t\t\t<div class=\"elementor-element elementor-element-12f5178 elementor-widget elementor-widget-heading\" data-id=\"12f5178\" data-element_type=\"widget\" data-widget_type=\"heading.default\">\n\t\t\t\t<div class=\"elementor-widget-container\">\n\t\t\t<p class=\"elementor-heading-title elementor-size-medium\">Nuestro equipo de profesionales te ayudar\u00e1<\/p>\t\t<\/div>\n\t\t\t\t<\/div>\n\t\t\t\t<div class=\"elementor-element elementor-element-ed85a67 elementor-button-info elementor-align-center elementor-widget elementor-widget-button\" data-id=\"ed85a67\" data-element_type=\"widget\" data-widget_type=\"button.default\">\n\t\t\t\t<div class=\"elementor-widget-container\">\n\t\t\t\t\t<div class=\"elementor-button-wrapper\">\n\t\t\t<a href=\"https:\/\/eliasdecoracio.es\/es\/contacto\/\" class=\"elementor-button-link elementor-button elementor-size-md\" role=\"button\">\n\t\t\t\t\t\t<span class=\"elementor-button-content-wrapper\">\n\t\t\t\t\t\t\t<span class=\"elementor-button-icon elementor-align-icon-left\">\n\t\t\t\t<i aria-hidden=\"true\" class=\"far fa-arrow-alt-circle-right\"><\/i>\t\t\t<\/span>\n\t\t\t\t\t\t<span class=\"elementor-button-text\">Contacta con nosotros<\/span>\n\t\t<\/span>\n\t\t\t\t\t<\/a>\n\t\t<\/div>\n\t\t\t\t<\/div>\n\t\t\t\t<\/div>\n\t\t\t\t\t\t<\/div>\n\t\t\t\t\t<\/div>\n\t\t<\/div>\n\t\t\t\t<div class=\"elementor-column elementor-col-50 elementor-inner-column elementor-element elementor-element-f5791d9\" data-id=\"f5791d9\" data-element_type=\"column\">\n\t\t\t<div class=\"elementor-column-wrap elementor-element-populated\">\n\t\t\t\t\t\t\t<div class=\"elementor-widget-wrap\">\n\t\t\t\t\t\t<div class=\"elementor-element elementor-element-32d5af3 elementor-widget elementor-widget-image\" data-id=\"32d5af3\" data-element_type=\"widget\" data-widget_type=\"image.default\">\n\t\t\t\t<div class=\"elementor-widget-container\">\n\t\t\t\t\t\t\t\t<div class=\"elementor-image\">\n\t\t\t\t\t\t\t\t\t\t\t\t<img decoding=\"async\" width=\"525\" height=\"392\" src=\"https:\/\/eliasdecoracio.es\/wp-content\/uploads\/2020\/10\/Gamma-productes.jpg\" class=\"attachment-large size-large wp-image-252\" alt=\"\" loading=\"lazy\" srcset=\"https:\/\/eliasdecoracio.es\/wp-content\/uploads\/2020\/10\/Gamma-productes.jpg 797w, https:\/\/eliasdecoracio.es\/wp-content\/uploads\/2020\/10\/Gamma-productes-300x224.jpg 300w, https:\/\/eliasdecoracio.es\/wp-content\/uploads\/2020\/10\/Gamma-productes-768x573.jpg 768w\" sizes=\"100vw\" \/>\t\t\t\t\t\t\t\t\t\t\t\t\t\t<\/div>\n\t\t\t\t\t\t<\/div>\n\t\t\t\t<\/div>\n\t\t\t\t\t\t<\/div>\n\t\t\t\t\t<\/div>\n\t\t<\/div>\n\t\t\t\t\t\t\t\t<\/div>\n\t\t\t\t\t<\/div>\n\t\t<\/section>\n\t\t\t\t<div class=\"elementor-element elementor-element-8211668 elementor-widget elementor-widget-spacer\" data-id=\"8211668\" data-element_type=\"widget\" data-widget_type=\"spacer.default\">\n\t\t\t\t<div class=\"elementor-widget-container\">\n\t\t\t\t\t<div class=\"elementor-spacer\">\n\t\t\t<div class=\"elementor-spacer-inner\"><\/div>\n\t\t<\/div>\n\t\t\t\t<\/div>\n\t\t\t\t<\/div>\n\t\t\t\t\t\t<\/div>\n\t\t\t\t\t<\/div>\n\t\t<\/div>\n\t\t\t\t\t\t\t\t<\/div>\n\t\t\t\t\t<\/div>\n\t\t<\/section>\n\t\t\t\t<section class=\"elementor-section elementor-top-section elementor-element elementor-element-b45b4de elementor-section-boxed elementor-section-height-default elementor-section-height-default\" data-id=\"b45b4de\" data-element_type=\"section\">\n\t\t\t\t\t\t<div class=\"elementor-container elementor-column-gap-default\">\n\t\t\t\t\t\t\t<div class=\"elementor-row\">\n\t\t\t\t\t<div class=\"elementor-column elementor-col-100 elementor-top-column elementor-element elementor-element-96339db\" data-id=\"96339db\" data-element_type=\"column\">\n\t\t\t<div class=\"elementor-column-wrap elementor-element-populated\">\n\t\t\t\t\t\t\t<div class=\"elementor-widget-wrap\">\n\t\t\t\t\t\t<div class=\"elementor-element elementor-element-66db3fa elementor-widget elementor-widget-spacer\" data-id=\"66db3fa\" data-element_type=\"widget\" data-widget_type=\"spacer.default\">\n\t\t\t\t<div class=\"elementor-widget-container\">\n\t\t\t\t\t<div class=\"elementor-spacer\">\n\t\t\t<div class=\"elementor-spacer-inner\"><\/div>\n\t\t<\/div>\n\t\t\t\t<\/div>\n\t\t\t\t<\/div>\n\t\t\t\t\t\t<\/div>\n\t\t\t\t\t<\/div>\n\t\t<\/div>\n\t\t\t\t\t\t\t\t<\/div>\n\t\t\t\t\t<\/div>\n\t\t<\/section>\n\t\t\t\t\t\t\t\t\t<\/div>\n\t\t\t<\/div>\n\t\t\t\t\t<\/div>\n\t\t","protected":false},"excerpt":{"rendered":"<p>Gama de productos Amplia gama de productos para satisfacer todas sus necesidades. \u00bfNecesitas que te creemos un color? Nuestro equipo de profesionales te ayudar\u00e1 Contacta con nosotros<\/p>\n","protected":false},"author":2,"featured_media":0,"parent":502,"menu_order":0,"comment_status":"closed","ping_status":"closed","template":"elementor_header_footer","meta":{"inline_featured_image":false},"yoast_head":"<!-- This site is optimized with the Yoast SEO plugin v20.5 - https:\/\/yoast.com\/wordpress\/plugins\/seo\/ -->\n<title>Productos | Tienda de pintures Barcelona y Puigcerd\u00e0 | Elias Decoraci\u00f3<\/title>\n<meta name=\"description\" content=\"En Elias Decoraci\u00f3 contamos con una amplia gama de productos para suministrar todas sus necesidades. Creaci\u00f3n de colores y productos.\" \/>\n<meta name=\"robots\" content=\"index, follow, max-snippet:-1, max-image-preview:large, max-video-preview:-1\" \/>\n<link rel=\"canonical\" href=\"https:\/\/eliasdecoracio.es\/es\/servicios\/gama-de-productos\/\" \/>\n<meta property=\"og:locale\" content=\"es_ES\" \/>\n<meta property=\"og:type\" content=\"article\" \/>\n<meta property=\"og:title\" content=\"Productos | Tienda de pintures Barcelona y Puigcerd\u00e0 | Elias Decoraci\u00f3\" \/>\n<meta property=\"og:description\" content=\"En Elias Decoraci\u00f3 contamos con una amplia gama de productos para suministrar todas sus necesidades. Creaci\u00f3n de colores y productos.\" \/>\n<meta property=\"og:url\" content=\"https:\/\/eliasdecoracio.es\/es\/servicios\/gama-de-productos\/\" \/>\n<meta property=\"og:site_name\" content=\"Elias Decoraci\u00f3 |\u00a0Especialistas en pinturas industriales y decoraci\u00f3n en Barcelona\" \/>\n<meta property=\"article:modified_time\" content=\"2023-03-31T10:05:44+00:00\" \/>\n<meta property=\"og:image\" content=\"https:\/\/eliasdecoracio.es\/wp-content\/uploads\/2020\/10\/Gamma-productes.jpg\" \/>\n<meta name=\"twitter:card\" content=\"summary_large_image\" \/>\n<meta name=\"twitter:label1\" content=\"Tiempo de lectura\" \/>\n\t<meta name=\"twitter:data1\" content=\"1 minuto\" \/>\n<script type=\"application\/ld+json\" class=\"yoast-schema-graph\">{\"@context\":\"https:\/\/schema.org\",\"@graph\":[{\"@type\":\"WebPage\",\"@id\":\"https:\/\/eliasdecoracio.es\/es\/servicios\/gama-de-productos\/\",\"url\":\"https:\/\/eliasdecoracio.es\/es\/servicios\/gama-de-productos\/\",\"name\":\"Productos | Tienda de pintures Barcelona y Puigcerd\u00e0 | Elias Decoraci\u00f3\",\"isPartOf\":{\"@id\":\"https:\/\/eliasdecoracio.es\/#website\"},\"datePublished\":\"2020-10-19T16:20:30+00:00\",\"dateModified\":\"2023-03-31T10:05:44+00:00\",\"description\":\"En Elias Decoraci\u00f3 contamos con una amplia gama de productos para suministrar todas sus necesidades. Creaci\u00f3n de colores y productos.\",\"breadcrumb\":{\"@id\":\"https:\/\/eliasdecoracio.es\/es\/servicios\/gama-de-productos\/#breadcrumb\"},\"inLanguage\":\"es\",\"potentialAction\":[{\"@type\":\"ReadAction\",\"target\":[\"https:\/\/eliasdecoracio.es\/es\/servicios\/gama-de-productos\/\"]}]},{\"@type\":\"BreadcrumbList\",\"@id\":\"https:\/\/eliasdecoracio.es\/es\/servicios\/gama-de-productos\/#breadcrumb\",\"itemListElement\":[{\"@type\":\"ListItem\",\"position\":1,\"name\":\"Inici\",\"item\":\"https:\/\/eliasdecoracio.es\/\"},{\"@type\":\"ListItem\",\"position\":2,\"name\":\"Servicios\",\"item\":\"https:\/\/eliasdecoracio.es\/es\/servicios\/\"},{\"@type\":\"ListItem\",\"position\":3,\"name\":\"Gama de productos\"}]},{\"@type\":\"WebSite\",\"@id\":\"https:\/\/eliasdecoracio.es\/#website\",\"url\":\"https:\/\/eliasdecoracio.es\/\",\"name\":\"Elias Decoraci\u00f3 |\u00a0Especialistas en pinturas industriales y decoraci\u00f3n en Barcelona\",\"description\":\"Especialistas en pinturas industriales y decoraci\u00f3n en Barcelona, Puigerd\u00e0 y Gerona.\",\"publisher\":{\"@id\":\"https:\/\/eliasdecoracio.es\/#organization\"},\"potentialAction\":[{\"@type\":\"SearchAction\",\"target\":{\"@type\":\"EntryPoint\",\"urlTemplate\":\"https:\/\/eliasdecoracio.es\/?s={search_term_string}\"},\"query-input\":\"required name=search_term_string\"}],\"inLanguage\":\"es\"},{\"@type\":\"Organization\",\"@id\":\"https:\/\/eliasdecoracio.es\/#organization\",\"name\":\"Elias Decoraci\u00f3 |\u00a0Especialistas en pinturas industriales y decoraci\u00f3n en Barcelona\",\"url\":\"https:\/\/eliasdecoracio.es\/\",\"logo\":{\"@type\":\"ImageObject\",\"inLanguage\":\"es\",\"@id\":\"https:\/\/eliasdecoracio.es\/#\/schema\/logo\/image\/\",\"url\":\"https:\/\/eliasdecoracio.es\/wp-content\/uploads\/2020\/09\/logo-elias-png.png\",\"contentUrl\":\"https:\/\/eliasdecoracio.es\/wp-content\/uploads\/2020\/09\/logo-elias-png.png\",\"width\":1200,\"height\":1200,\"caption\":\"Elias Decoraci\u00f3 |\u00a0Especialistas en pinturas industriales y decoraci\u00f3n en Barcelona\"},\"image\":{\"@id\":\"https:\/\/eliasdecoracio.es\/#\/schema\/logo\/image\/\"}}]}<\/script>\n<!-- \/ Yoast SEO plugin. -->","yoast_head_json":{"title":"Productos | Tienda de pintures Barcelona y Puigcerd\u00e0 | Elias Decoraci\u00f3","description":"En Elias Decoraci\u00f3 contamos con una amplia gama de productos para suministrar todas sus necesidades. Creaci\u00f3n de colores y productos.","robots":{"index":"index","follow":"follow","max-snippet":"max-snippet:-1","max-image-preview":"max-image-preview:large","max-video-preview":"max-video-preview:-1"},"canonical":"https:\/\/eliasdecoracio.es\/es\/servicios\/gama-de-productos\/","og_locale":"es_ES","og_type":"article","og_title":"Productos | Tienda de pintures Barcelona y Puigcerd\u00e0 | Elias Decoraci\u00f3","og_description":"En Elias Decoraci\u00f3 contamos con una amplia gama de productos para suministrar todas sus necesidades. Creaci\u00f3n de colores y productos.","og_url":"https:\/\/eliasdecoracio.es\/es\/servicios\/gama-de-productos\/","og_site_name":"Elias Decoraci\u00f3 |\u00a0Especialistas en pinturas industriales y decoraci\u00f3n en Barcelona","article_modified_time":"2023-03-31T10:05:44+00:00","og_image":[{"url":"https:\/\/eliasdecoracio.es\/wp-content\/uploads\/2020\/10\/Gamma-productes.jpg"}],"twitter_card":"summary_large_image","twitter_misc":{"Tiempo de lectura":"1 minuto"},"schema":{"@context":"https:\/\/schema.org","@graph":[{"@type":"WebPage","@id":"https:\/\/eliasdecoracio.es\/es\/servicios\/gama-de-productos\/","url":"https:\/\/eliasdecoracio.es\/es\/servicios\/gama-de-productos\/","name":"Productos | Tienda de pintures Barcelona y Puigcerd\u00e0 | Elias Decoraci\u00f3","isPartOf":{"@id":"https:\/\/eliasdecoracio.es\/#website"},"datePublished":"2020-10-19T16:20:30+00:00","dateModified":"2023-03-31T10:05:44+00:00","description":"En Elias Decoraci\u00f3 contamos con una amplia gama de productos para suministrar todas sus necesidades. Creaci\u00f3n de colores y productos.","breadcrumb":{"@id":"https:\/\/eliasdecoracio.es\/es\/servicios\/gama-de-productos\/#breadcrumb"},"inLanguage":"es","potentialAction":[{"@type":"ReadAction","target":["https:\/\/eliasdecoracio.es\/es\/servicios\/gama-de-productos\/"]}]},{"@type":"BreadcrumbList","@id":"https:\/\/eliasdecoracio.es\/es\/servicios\/gama-de-productos\/#breadcrumb","itemListElement":[{"@type":"ListItem","position":1,"name":"Inici","item":"https:\/\/eliasdecoracio.es\/"},{"@type":"ListItem","position":2,"name":"Servicios","item":"https:\/\/eliasdecoracio.es\/es\/servicios\/"},{"@type":"ListItem","position":3,"name":"Gama de productos"}]},{"@type":"WebSite","@id":"https:\/\/eliasdecoracio.es\/#website","url":"https:\/\/eliasdecoracio.es\/","name":"Elias Decoraci\u00f3 |\u00a0Especialistas en pinturas industriales y decoraci\u00f3n en Barcelona","description":"Especialistas en pinturas industriales y decoraci\u00f3n en Barcelona, Puigerd\u00e0 y Gerona.","publisher":{"@id":"https:\/\/eliasdecoracio.es\/#organization"},"potentialAction":[{"@type":"SearchAction","target":{"@type":"EntryPoint","urlTemplate":"https:\/\/eliasdecoracio.es\/?s={search_term_string}"},"query-input":"required name=search_term_string"}],"inLanguage":"es"},{"@type":"Organization","@id":"https:\/\/eliasdecoracio.es\/#organization","name":"Elias Decoraci\u00f3 |\u00a0Especialistas en pinturas industriales y decoraci\u00f3n en Barcelona","url":"https:\/\/eliasdecoracio.es\/","logo":{"@type":"ImageObject","inLanguage":"es","@id":"https:\/\/eliasdecoracio.es\/#\/schema\/logo\/image\/","url":"https:\/\/eliasdecoracio.es\/wp-content\/uploads\/2020\/09\/logo-elias-png.png","contentUrl":"https:\/\/eliasdecoracio.es\/wp-content\/uploads\/2020\/09\/logo-elias-png.png","width":1200,"height":1200,"caption":"Elias Decoraci\u00f3 |\u00a0Especialistas en pinturas industriales y decoraci\u00f3n en Barcelona"},"image":{"@id":"https:\/\/eliasdecoracio.es\/#\/schema\/logo\/image\/"}}]}},"_links":{"self":[{"href":"https:\/\/eliasdecoracio.es\/es\/wp-json\/wp\/v2\/pages\/549"}],"collection":[{"href":"https:\/\/eliasdecoracio.es\/es\/wp-json\/wp\/v2\/pages"}],"about":[{"href":"https:\/\/eliasdecoracio.es\/es\/wp-json\/wp\/v2\/types\/page"}],"author":[{"embeddable":true,"href":"https:\/\/eliasdecoracio.es\/es\/wp-json\/wp\/v2\/users\/2"}],"replies":[{"embeddable":true,"href":"https:\/\/eliasdecoracio.es\/es\/wp-json\/wp\/v2\/comments?post=549"}],"version-history":[{"count":7,"href":"https:\/\/eliasdecoracio.es\/es\/wp-json\/wp\/v2\/pages\/549\/revisions"}],"predecessor-version":[{"id":1622,"href":"https:\/\/eliasdecoracio.es\/es\/wp-json\/wp\/v2\/pages\/549\/revisions\/1622"}],"up":[{"embeddable":true,"href":"https:\/\/eliasdecoracio.es\/es\/wp-json\/wp\/v2\/pages\/502"}],"wp:attachment":[{"href":"https:\/\/eliasdecoracio.es\/es\/wp-json\/wp\/v2\/media?parent=549"}],"curies":[{"name":"wp","href":"https:\/\/api.w.org\/{rel}","templated":true}]}}