{"id":530,"date":"2020-10-19T18:06:03","date_gmt":"2020-10-19T16:06:03","guid":{"rendered":"https:\/\/eliasdecoracio.es\/servicios\/gamma-colors-2\/"},"modified":"2023-03-31T12:02:54","modified_gmt":"2023-03-31T10:02:54","slug":"gama-colores","status":"publish","type":"page","link":"https:\/\/eliasdecoracio.es\/es\/servicios\/gama-colores\/","title":{"rendered":"Gama colores"},"content":{"rendered":"\t\t<div data-elementor-type=\"wp-page\" data-elementor-id=\"530\" class=\"elementor elementor-530 elementor-254\">\n\t\t\t\t\t\t<div class=\"elementor-inner\">\n\t\t\t\t<div class=\"elementor-section-wrap\">\n\t\t\t\t\t\t\t\t\t<section class=\"elementor-section elementor-top-section elementor-element elementor-element-3177f21 elementor-section-boxed elementor-section-height-default elementor-section-height-default\" data-id=\"3177f21\" data-element_type=\"section\" data-settings=\"{&quot;background_background&quot;:&quot;classic&quot;}\">\n\t\t\t\t\t\t\t<div class=\"elementor-background-overlay\"><\/div>\n\t\t\t\t\t\t\t<div class=\"elementor-container elementor-column-gap-default\">\n\t\t\t\t\t\t\t<div class=\"elementor-row\">\n\t\t\t\t\t<div class=\"elementor-column elementor-col-100 elementor-top-column elementor-element elementor-element-16224fa\" data-id=\"16224fa\" data-element_type=\"column\">\n\t\t\t<div class=\"elementor-column-wrap elementor-element-populated\">\n\t\t\t\t\t\t\t<div class=\"elementor-widget-wrap\">\n\t\t\t\t\t\t<div class=\"elementor-element elementor-element-74cbcca elementor-widget elementor-widget-heading\" data-id=\"74cbcca\" data-element_type=\"widget\" data-widget_type=\"heading.default\">\n\t\t\t\t<div class=\"elementor-widget-container\">\n\t\t\t<h2 class=\"elementor-heading-title elementor-size-large\">Gama colores <\/h2>\t\t<\/div>\n\t\t\t\t<\/div>\n\t\t\t\t<div class=\"elementor-element elementor-element-96f7b3e elementor-widget elementor-widget-heading\" data-id=\"96f7b3e\" data-element_type=\"widget\" data-widget_type=\"heading.default\">\n\t\t\t\t<div class=\"elementor-widget-container\">\n\t\t\t<p class=\"elementor-heading-title elementor-size-medium\">Posibilidad de realizar gama tintom\u00e9trica, tanto decorativa como industrial y de alta decoraci\u00f3n. Podemos realizar lo que usted desee con una gama de colores infinita.<\/p>\t\t<\/div>\n\t\t\t\t<\/div>\n\t\t\t\t\t\t<\/div>\n\t\t\t\t\t<\/div>\n\t\t<\/div>\n\t\t\t\t\t\t\t\t<\/div>\n\t\t\t\t\t<\/div>\n\t\t<\/section>\n\t\t\t\t<section class=\"elementor-section elementor-top-section elementor-element elementor-element-2d2b7ea elementor-section-boxed elementor-section-height-default elementor-section-height-default\" data-id=\"2d2b7ea\" data-element_type=\"section\">\n\t\t\t\t\t\t<div class=\"elementor-container elementor-column-gap-default\">\n\t\t\t\t\t\t\t<div class=\"elementor-row\">\n\t\t\t\t\t<div class=\"elementor-column elementor-col-100 elementor-top-column elementor-element elementor-element-8c68409\" data-id=\"8c68409\" data-element_type=\"column\">\n\t\t\t<div class=\"elementor-column-wrap elementor-element-populated\">\n\t\t\t\t\t\t\t<div class=\"elementor-widget-wrap\">\n\t\t\t\t\t\t<div class=\"elementor-element elementor-element-21fde7f elementor-widget elementor-widget-spacer\" data-id=\"21fde7f\" data-element_type=\"widget\" data-widget_type=\"spacer.default\">\n\t\t\t\t<div class=\"elementor-widget-container\">\n\t\t\t\t\t<div class=\"elementor-spacer\">\n\t\t\t<div class=\"elementor-spacer-inner\"><\/div>\n\t\t<\/div>\n\t\t\t\t<\/div>\n\t\t\t\t<\/div>\n\t\t\t\t\t\t<\/div>\n\t\t\t\t\t<\/div>\n\t\t<\/div>\n\t\t\t\t\t\t\t\t<\/div>\n\t\t\t\t\t<\/div>\n\t\t<\/section>\n\t\t\t\t<section class=\"elementor-section elementor-top-section elementor-element elementor-element-d436ab1 elementor-section-boxed elementor-section-height-default elementor-section-height-default\" data-id=\"d436ab1\" data-element_type=\"section\">\n\t\t\t\t\t\t<div class=\"elementor-container elementor-column-gap-default\">\n\t\t\t\t\t\t\t<div class=\"elementor-row\">\n\t\t\t\t\t<div class=\"elementor-column elementor-col-100 elementor-top-column elementor-element elementor-element-b7b3c50\" data-id=\"b7b3c50\" data-element_type=\"column\">\n\t\t\t<div class=\"elementor-column-wrap elementor-element-populated\">\n\t\t\t\t\t\t\t<div class=\"elementor-widget-wrap\">\n\t\t\t\t\t\t<section class=\"elementor-section elementor-inner-section elementor-element elementor-element-f4bcda1 elementor-section-content-middle elementor-section-boxed elementor-section-height-default elementor-section-height-default\" data-id=\"f4bcda1\" data-element_type=\"section\">\n\t\t\t\t\t\t<div class=\"elementor-container elementor-column-gap-no\">\n\t\t\t\t\t\t\t<div class=\"elementor-row\">\n\t\t\t\t\t<div class=\"elementor-column elementor-col-50 elementor-inner-column elementor-element elementor-element-93cefdc\" data-id=\"93cefdc\" data-element_type=\"column\">\n\t\t\t<div class=\"elementor-column-wrap elementor-element-populated\">\n\t\t\t\t\t\t\t<div class=\"elementor-widget-wrap\">\n\t\t\t\t\t\t<div class=\"elementor-element elementor-element-9943562 elementor-widget elementor-widget-heading\" data-id=\"9943562\" data-element_type=\"widget\" data-widget_type=\"heading.default\">\n\t\t\t\t<div class=\"elementor-widget-container\">\n\t\t\t<h2 class=\"elementor-heading-title elementor-size-large\">\u00bfNecesitas una gama tintom\u00e9trica?<\/h2>\t\t<\/div>\n\t\t\t\t<\/div>\n\t\t\t\t<div class=\"elementor-element elementor-element-80e2e31 elementor-widget elementor-widget-heading\" data-id=\"80e2e31\" data-element_type=\"widget\" data-widget_type=\"heading.default\">\n\t\t\t\t<div class=\"elementor-widget-container\">\n\t\t\t<p class=\"elementor-heading-title elementor-size-medium\">Nuestro equipo de profesionales te ayudar\u00e1<\/p>\t\t<\/div>\n\t\t\t\t<\/div>\n\t\t\t\t<div class=\"elementor-element elementor-element-0a584e0 elementor-button-info elementor-align-center elementor-widget elementor-widget-button\" data-id=\"0a584e0\" data-element_type=\"widget\" data-widget_type=\"button.default\">\n\t\t\t\t<div class=\"elementor-widget-container\">\n\t\t\t\t\t<div class=\"elementor-button-wrapper\">\n\t\t\t<a href=\"https:\/\/eliasdecoracio.es\/es\/contacto\/\" class=\"elementor-button-link elementor-button elementor-size-md\" role=\"button\">\n\t\t\t\t\t\t<span class=\"elementor-button-content-wrapper\">\n\t\t\t\t\t\t\t<span class=\"elementor-button-icon elementor-align-icon-left\">\n\t\t\t\t<i aria-hidden=\"true\" class=\"far fa-arrow-alt-circle-right\"><\/i>\t\t\t<\/span>\n\t\t\t\t\t\t<span class=\"elementor-button-text\">Contacta con nosotros<\/span>\n\t\t<\/span>\n\t\t\t\t\t<\/a>\n\t\t<\/div>\n\t\t\t\t<\/div>\n\t\t\t\t<\/div>\n\t\t\t\t\t\t<\/div>\n\t\t\t\t\t<\/div>\n\t\t<\/div>\n\t\t\t\t<div class=\"elementor-column elementor-col-50 elementor-inner-column elementor-element elementor-element-63bc63b\" data-id=\"63bc63b\" data-element_type=\"column\">\n\t\t\t<div class=\"elementor-column-wrap elementor-element-populated\">\n\t\t\t\t\t\t\t<div class=\"elementor-widget-wrap\">\n\t\t\t\t\t\t<div class=\"elementor-element elementor-element-add1470 elementor-widget elementor-widget-image\" data-id=\"add1470\" data-element_type=\"widget\" data-widget_type=\"image.default\">\n\t\t\t\t<div class=\"elementor-widget-container\">\n\t\t\t\t\t\t\t\t<div class=\"elementor-image\">\n\t\t\t\t\t\t\t\t\t\t\t\t<img decoding=\"async\" width=\"525\" height=\"350\" src=\"https:\/\/eliasdecoracio.es\/wp-content\/uploads\/2023\/03\/expertos-pinturas-1024x683.jpg\" class=\"attachment-large size-large wp-image-1607\" alt=\"\" loading=\"lazy\" srcset=\"https:\/\/eliasdecoracio.es\/wp-content\/uploads\/2023\/03\/expertos-pinturas-1024x683.jpg 1024w, https:\/\/eliasdecoracio.es\/wp-content\/uploads\/2023\/03\/expertos-pinturas-300x200.jpg 300w, https:\/\/eliasdecoracio.es\/wp-content\/uploads\/2023\/03\/expertos-pinturas-768x512.jpg 768w, https:\/\/eliasdecoracio.es\/wp-content\/uploads\/2023\/03\/expertos-pinturas.jpg 1400w\" sizes=\"100vw\" \/>\t\t\t\t\t\t\t\t\t\t\t\t\t\t<\/div>\n\t\t\t\t\t\t<\/div>\n\t\t\t\t<\/div>\n\t\t\t\t\t\t<\/div>\n\t\t\t\t\t<\/div>\n\t\t<\/div>\n\t\t\t\t\t\t\t\t<\/div>\n\t\t\t\t\t<\/div>\n\t\t<\/section>\n\t\t\t\t<div class=\"elementor-element elementor-element-e5e0692 elementor-widget elementor-widget-spacer\" data-id=\"e5e0692\" data-element_type=\"widget\" data-widget_type=\"spacer.default\">\n\t\t\t\t<div class=\"elementor-widget-container\">\n\t\t\t\t\t<div class=\"elementor-spacer\">\n\t\t\t<div class=\"elementor-spacer-inner\"><\/div>\n\t\t<\/div>\n\t\t\t\t<\/div>\n\t\t\t\t<\/div>\n\t\t\t\t\t\t<\/div>\n\t\t\t\t\t<\/div>\n\t\t<\/div>\n\t\t\t\t\t\t\t\t<\/div>\n\t\t\t\t\t<\/div>\n\t\t<\/section>\n\t\t\t\t<section class=\"elementor-section elementor-top-section elementor-element elementor-element-3281070 elementor-section-boxed elementor-section-height-default elementor-section-height-default\" data-id=\"3281070\" data-element_type=\"section\">\n\t\t\t\t\t\t<div class=\"elementor-container elementor-column-gap-default\">\n\t\t\t\t\t\t\t<div class=\"elementor-row\">\n\t\t\t\t\t<div class=\"elementor-column elementor-col-100 elementor-top-column elementor-element elementor-element-bb1e3c4\" data-id=\"bb1e3c4\" data-element_type=\"column\">\n\t\t\t<div class=\"elementor-column-wrap elementor-element-populated\">\n\t\t\t\t\t\t\t<div class=\"elementor-widget-wrap\">\n\t\t\t\t\t\t<div class=\"elementor-element elementor-element-1487db5 elementor-widget elementor-widget-spacer\" data-id=\"1487db5\" data-element_type=\"widget\" data-widget_type=\"spacer.default\">\n\t\t\t\t<div class=\"elementor-widget-container\">\n\t\t\t\t\t<div class=\"elementor-spacer\">\n\t\t\t<div class=\"elementor-spacer-inner\"><\/div>\n\t\t<\/div>\n\t\t\t\t<\/div>\n\t\t\t\t<\/div>\n\t\t\t\t\t\t<\/div>\n\t\t\t\t\t<\/div>\n\t\t<\/div>\n\t\t\t\t\t\t\t\t<\/div>\n\t\t\t\t\t<\/div>\n\t\t<\/section>\n\t\t\t\t\t\t\t\t\t<\/div>\n\t\t\t<\/div>\n\t\t\t\t\t<\/div>\n\t\t","protected":false},"excerpt":{"rendered":"<p>Gama colores Posibilidad de realizar gama tintom\u00e9trica, tanto decorativa como industrial y de alta decoraci\u00f3n. Podemos realizar lo que usted desee con una gama de colores infinita. \u00bfNecesitas una gama tintom\u00e9trica? Nuestro equipo de profesionales te ayudar\u00e1 Contacta con nosotros<\/p>\n","protected":false},"author":2,"featured_media":0,"parent":502,"menu_order":0,"comment_status":"closed","ping_status":"closed","template":"elementor_header_footer","meta":{"inline_featured_image":false},"yoast_head":"<!-- This site is optimized with the Yoast SEO plugin v20.5 - https:\/\/yoast.com\/wordpress\/plugins\/seo\/ -->\n<title>Colores | Tienda de pintures Barcelona y Puigcerd\u00e0 | Elias Decoraci\u00f3<\/title>\n<meta name=\"description\" content=\"En Elias Decoraci\u00f3 podemos realizar gama tintom\u00e9trica decorativa, industrial y de alta decoraci\u00f3n. Podemos realizar lo que desee con gama de colores infinita.\" \/>\n<meta name=\"robots\" content=\"index, follow, max-snippet:-1, max-image-preview:large, max-video-preview:-1\" \/>\n<link rel=\"canonical\" href=\"https:\/\/eliasdecoracio.es\/es\/servicios\/gama-colores\/\" \/>\n<meta property=\"og:locale\" content=\"es_ES\" \/>\n<meta property=\"og:type\" content=\"article\" \/>\n<meta property=\"og:title\" content=\"Colores | Tienda de pintures Barcelona y Puigcerd\u00e0 | Elias Decoraci\u00f3\" \/>\n<meta property=\"og:description\" content=\"En Elias Decoraci\u00f3 podemos realizar gama tintom\u00e9trica decorativa, industrial y de alta decoraci\u00f3n. Podemos realizar lo que desee con gama de colores infinita.\" \/>\n<meta property=\"og:url\" content=\"https:\/\/eliasdecoracio.es\/es\/servicios\/gama-colores\/\" \/>\n<meta property=\"og:site_name\" content=\"Elias Decoraci\u00f3 |\u00a0Especialistas en pinturas industriales y decoraci\u00f3n en Barcelona\" \/>\n<meta property=\"article:modified_time\" content=\"2023-03-31T10:02:54+00:00\" \/>\n<meta property=\"og:image\" content=\"https:\/\/eliasdecoracio.es\/wp-content\/uploads\/2023\/03\/expertos-pinturas-1024x683.jpg\" \/>\n<meta name=\"twitter:card\" content=\"summary_large_image\" \/>\n<meta name=\"twitter:label1\" content=\"Tiempo de lectura\" \/>\n\t<meta name=\"twitter:data1\" content=\"1 minuto\" \/>\n<script type=\"application\/ld+json\" class=\"yoast-schema-graph\">{\"@context\":\"https:\/\/schema.org\",\"@graph\":[{\"@type\":\"WebPage\",\"@id\":\"https:\/\/eliasdecoracio.es\/es\/servicios\/gama-colores\/\",\"url\":\"https:\/\/eliasdecoracio.es\/es\/servicios\/gama-colores\/\",\"name\":\"Colores | Tienda de pintures Barcelona y Puigcerd\u00e0 | Elias Decoraci\u00f3\",\"isPartOf\":{\"@id\":\"https:\/\/eliasdecoracio.es\/#website\"},\"datePublished\":\"2020-10-19T16:06:03+00:00\",\"dateModified\":\"2023-03-31T10:02:54+00:00\",\"description\":\"En Elias Decoraci\u00f3 podemos realizar gama tintom\u00e9trica decorativa, industrial y de alta decoraci\u00f3n. Podemos realizar lo que desee con gama de colores infinita.\",\"breadcrumb\":{\"@id\":\"https:\/\/eliasdecoracio.es\/es\/servicios\/gama-colores\/#breadcrumb\"},\"inLanguage\":\"es\",\"potentialAction\":[{\"@type\":\"ReadAction\",\"target\":[\"https:\/\/eliasdecoracio.es\/es\/servicios\/gama-colores\/\"]}]},{\"@type\":\"BreadcrumbList\",\"@id\":\"https:\/\/eliasdecoracio.es\/es\/servicios\/gama-colores\/#breadcrumb\",\"itemListElement\":[{\"@type\":\"ListItem\",\"position\":1,\"name\":\"Inici\",\"item\":\"https:\/\/eliasdecoracio.es\/\"},{\"@type\":\"ListItem\",\"position\":2,\"name\":\"Servicios\",\"item\":\"https:\/\/eliasdecoracio.es\/es\/servicios\/\"},{\"@type\":\"ListItem\",\"position\":3,\"name\":\"Gama colores\"}]},{\"@type\":\"WebSite\",\"@id\":\"https:\/\/eliasdecoracio.es\/#website\",\"url\":\"https:\/\/eliasdecoracio.es\/\",\"name\":\"Elias Decoraci\u00f3 |\u00a0Especialistas en pinturas industriales y decoraci\u00f3n en Barcelona\",\"description\":\"Especialistas en pinturas industriales y decoraci\u00f3n en Barcelona, Puigerd\u00e0 y Gerona.\",\"publisher\":{\"@id\":\"https:\/\/eliasdecoracio.es\/#organization\"},\"potentialAction\":[{\"@type\":\"SearchAction\",\"target\":{\"@type\":\"EntryPoint\",\"urlTemplate\":\"https:\/\/eliasdecoracio.es\/?s={search_term_string}\"},\"query-input\":\"required name=search_term_string\"}],\"inLanguage\":\"es\"},{\"@type\":\"Organization\",\"@id\":\"https:\/\/eliasdecoracio.es\/#organization\",\"name\":\"Elias Decoraci\u00f3 |\u00a0Especialistas en pinturas industriales y decoraci\u00f3n en Barcelona\",\"url\":\"https:\/\/eliasdecoracio.es\/\",\"logo\":{\"@type\":\"ImageObject\",\"inLanguage\":\"es\",\"@id\":\"https:\/\/eliasdecoracio.es\/#\/schema\/logo\/image\/\",\"url\":\"https:\/\/eliasdecoracio.es\/wp-content\/uploads\/2020\/09\/logo-elias-png.png\",\"contentUrl\":\"https:\/\/eliasdecoracio.es\/wp-content\/uploads\/2020\/09\/logo-elias-png.png\",\"width\":1200,\"height\":1200,\"caption\":\"Elias Decoraci\u00f3 |\u00a0Especialistas en pinturas industriales y decoraci\u00f3n en Barcelona\"},\"image\":{\"@id\":\"https:\/\/eliasdecoracio.es\/#\/schema\/logo\/image\/\"}}]}<\/script>\n<!-- \/ Yoast SEO plugin. -->","yoast_head_json":{"title":"Colores | Tienda de pintures Barcelona y Puigcerd\u00e0 | Elias Decoraci\u00f3","description":"En Elias Decoraci\u00f3 podemos realizar gama tintom\u00e9trica decorativa, industrial y de alta decoraci\u00f3n. Podemos realizar lo que desee con gama de colores infinita.","robots":{"index":"index","follow":"follow","max-snippet":"max-snippet:-1","max-image-preview":"max-image-preview:large","max-video-preview":"max-video-preview:-1"},"canonical":"https:\/\/eliasdecoracio.es\/es\/servicios\/gama-colores\/","og_locale":"es_ES","og_type":"article","og_title":"Colores | Tienda de pintures Barcelona y Puigcerd\u00e0 | Elias Decoraci\u00f3","og_description":"En Elias Decoraci\u00f3 podemos realizar gama tintom\u00e9trica decorativa, industrial y de alta decoraci\u00f3n. Podemos realizar lo que desee con gama de colores infinita.","og_url":"https:\/\/eliasdecoracio.es\/es\/servicios\/gama-colores\/","og_site_name":"Elias Decoraci\u00f3 |\u00a0Especialistas en pinturas industriales y decoraci\u00f3n en Barcelona","article_modified_time":"2023-03-31T10:02:54+00:00","og_image":[{"url":"https:\/\/eliasdecoracio.es\/wp-content\/uploads\/2023\/03\/expertos-pinturas-1024x683.jpg"}],"twitter_card":"summary_large_image","twitter_misc":{"Tiempo de lectura":"1 minuto"},"schema":{"@context":"https:\/\/schema.org","@graph":[{"@type":"WebPage","@id":"https:\/\/eliasdecoracio.es\/es\/servicios\/gama-colores\/","url":"https:\/\/eliasdecoracio.es\/es\/servicios\/gama-colores\/","name":"Colores | Tienda de pintures Barcelona y Puigcerd\u00e0 | Elias Decoraci\u00f3","isPartOf":{"@id":"https:\/\/eliasdecoracio.es\/#website"},"datePublished":"2020-10-19T16:06:03+00:00","dateModified":"2023-03-31T10:02:54+00:00","description":"En Elias Decoraci\u00f3 podemos realizar gama tintom\u00e9trica decorativa, industrial y de alta decoraci\u00f3n. Podemos realizar lo que desee con gama de colores infinita.","breadcrumb":{"@id":"https:\/\/eliasdecoracio.es\/es\/servicios\/gama-colores\/#breadcrumb"},"inLanguage":"es","potentialAction":[{"@type":"ReadAction","target":["https:\/\/eliasdecoracio.es\/es\/servicios\/gama-colores\/"]}]},{"@type":"BreadcrumbList","@id":"https:\/\/eliasdecoracio.es\/es\/servicios\/gama-colores\/#breadcrumb","itemListElement":[{"@type":"ListItem","position":1,"name":"Inici","item":"https:\/\/eliasdecoracio.es\/"},{"@type":"ListItem","position":2,"name":"Servicios","item":"https:\/\/eliasdecoracio.es\/es\/servicios\/"},{"@type":"ListItem","position":3,"name":"Gama colores"}]},{"@type":"WebSite","@id":"https:\/\/eliasdecoracio.es\/#website","url":"https:\/\/eliasdecoracio.es\/","name":"Elias Decoraci\u00f3 |\u00a0Especialistas en pinturas industriales y decoraci\u00f3n en Barcelona","description":"Especialistas en pinturas industriales y decoraci\u00f3n en Barcelona, Puigerd\u00e0 y Gerona.","publisher":{"@id":"https:\/\/eliasdecoracio.es\/#organization"},"potentialAction":[{"@type":"SearchAction","target":{"@type":"EntryPoint","urlTemplate":"https:\/\/eliasdecoracio.es\/?s={search_term_string}"},"query-input":"required name=search_term_string"}],"inLanguage":"es"},{"@type":"Organization","@id":"https:\/\/eliasdecoracio.es\/#organization","name":"Elias Decoraci\u00f3 |\u00a0Especialistas en pinturas industriales y decoraci\u00f3n en Barcelona","url":"https:\/\/eliasdecoracio.es\/","logo":{"@type":"ImageObject","inLanguage":"es","@id":"https:\/\/eliasdecoracio.es\/#\/schema\/logo\/image\/","url":"https:\/\/eliasdecoracio.es\/wp-content\/uploads\/2020\/09\/logo-elias-png.png","contentUrl":"https:\/\/eliasdecoracio.es\/wp-content\/uploads\/2020\/09\/logo-elias-png.png","width":1200,"height":1200,"caption":"Elias Decoraci\u00f3 |\u00a0Especialistas en pinturas industriales y decoraci\u00f3n en Barcelona"},"image":{"@id":"https:\/\/eliasdecoracio.es\/#\/schema\/logo\/image\/"}}]}},"_links":{"self":[{"href":"https:\/\/eliasdecoracio.es\/es\/wp-json\/wp\/v2\/pages\/530"}],"collection":[{"href":"https:\/\/eliasdecoracio.es\/es\/wp-json\/wp\/v2\/pages"}],"about":[{"href":"https:\/\/eliasdecoracio.es\/es\/wp-json\/wp\/v2\/types\/page"}],"author":[{"embeddable":true,"href":"https:\/\/eliasdecoracio.es\/es\/wp-json\/wp\/v2\/users\/2"}],"replies":[{"embeddable":true,"href":"https:\/\/eliasdecoracio.es\/es\/wp-json\/wp\/v2\/comments?post=530"}],"version-history":[{"count":9,"href":"https:\/\/eliasdecoracio.es\/es\/wp-json\/wp\/v2\/pages\/530\/revisions"}],"predecessor-version":[{"id":1616,"href":"https:\/\/eliasdecoracio.es\/es\/wp-json\/wp\/v2\/pages\/530\/revisions\/1616"}],"up":[{"embeddable":true,"href":"https:\/\/eliasdecoracio.es\/es\/wp-json\/wp\/v2\/pages\/502"}],"wp:attachment":[{"href":"https:\/\/eliasdecoracio.es\/es\/wp-json\/wp\/v2\/media?parent=530"}],"curies":[{"name":"wp","href":"https:\/\/api.w.org\/{rel}","templated":true}]}}