{"id":483,"date":"2020-10-19T12:49:03","date_gmt":"2020-10-19T10:49:03","guid":{"rendered":"https:\/\/eliasdecoracio.es\/sobre-nosaltres\/"},"modified":"2023-03-29T09:12:06","modified_gmt":"2023-03-29T07:12:06","slug":"sobre-nosotros","status":"publish","type":"page","link":"https:\/\/eliasdecoracio.es\/es\/sobre-nosotros\/","title":{"rendered":"Sobre nosotros"},"content":{"rendered":"\t\t<div data-elementor-type=\"wp-page\" data-elementor-id=\"483\" class=\"elementor elementor-483 elementor-177\">\n\t\t\t\t\t\t<div class=\"elementor-inner\">\n\t\t\t\t<div class=\"elementor-section-wrap\">\n\t\t\t\t\t\t\t\t\t<section class=\"elementor-section elementor-top-section elementor-element elementor-element-71a961a elementor-section-height-min-height elementor-section-content-middle elementor-section-boxed elementor-section-height-default elementor-section-items-middle\" data-id=\"71a961a\" data-element_type=\"section\" data-settings=\"{&quot;background_background&quot;:&quot;classic&quot;}\">\n\t\t\t\t\t\t<div class=\"elementor-container elementor-column-gap-default\">\n\t\t\t\t\t\t\t<div class=\"elementor-row\">\n\t\t\t\t\t<div class=\"elementor-column elementor-col-100 elementor-top-column elementor-element elementor-element-190e90f\" data-id=\"190e90f\" data-element_type=\"column\">\n\t\t\t<div class=\"elementor-column-wrap elementor-element-populated\">\n\t\t\t\t\t\t\t<div class=\"elementor-widget-wrap\">\n\t\t\t\t\t\t<div class=\"elementor-element elementor-element-8eb731c elementor-widget elementor-widget-heading\" data-id=\"8eb731c\" data-element_type=\"widget\" data-widget_type=\"heading.default\">\n\t\t\t\t<div class=\"elementor-widget-container\">\n\t\t\t<h2 class=\"elementor-heading-title elementor-size-large\">Sobre Elias Decoraci\u00f3<\/h2>\t\t<\/div>\n\t\t\t\t<\/div>\n\t\t\t\t<div class=\"elementor-element elementor-element-92838d9 elementor-widget elementor-widget-text-editor\" data-id=\"92838d9\" data-element_type=\"widget\" data-widget_type=\"text-editor.default\">\n\t\t\t\t<div class=\"elementor-widget-container\">\n\t\t\t\t\t\t\t\t<div class=\"elementor-text-editor elementor-clearfix\">\n\t\t\t\tElias Decoraci\u00f3, tu empresa de pinturas de confianza\t\t\t\t\t<\/div>\n\t\t\t\t\t\t<\/div>\n\t\t\t\t<\/div>\n\t\t\t\t\t\t<\/div>\n\t\t\t\t\t<\/div>\n\t\t<\/div>\n\t\t\t\t\t\t\t\t<\/div>\n\t\t\t\t\t<\/div>\n\t\t<\/section>\n\t\t\t\t<section class=\"elementor-section elementor-top-section elementor-element elementor-element-cbd2382 elementor-section-boxed elementor-section-height-default elementor-section-height-default\" data-id=\"cbd2382\" data-element_type=\"section\">\n\t\t\t\t\t\t<div class=\"elementor-container elementor-column-gap-default\">\n\t\t\t\t\t\t\t<div class=\"elementor-row\">\n\t\t\t\t\t<div class=\"elementor-column elementor-col-100 elementor-top-column elementor-element elementor-element-b5bd776\" data-id=\"b5bd776\" data-element_type=\"column\">\n\t\t\t<div class=\"elementor-column-wrap elementor-element-populated\">\n\t\t\t\t\t\t\t<div class=\"elementor-widget-wrap\">\n\t\t\t\t\t\t<div class=\"elementor-element elementor-element-6e46337a elementor-widget elementor-widget-text-editor\" data-id=\"6e46337a\" data-element_type=\"widget\" data-widget_type=\"text-editor.default\">\n\t\t\t\t<div class=\"elementor-widget-container\">\n\t\t\t\t\t\t\t\t<div class=\"elementor-text-editor elementor-clearfix\">\n\t\t\t\t<p><strong>Elias Decoraci\u00f3<\/strong> es una empresa fundada en 1940 (antigua droguer\u00eda Elias) dedicada a los productos de droguer\u00eda y pintura. Actualmente contamos con 4 tiendas, 3 en Barcelona y una en Puigcerd\u00e0, dedicadas al sector de la pintura y alta decoraci\u00f3n.<\/p><p>Desde nuestros inicios, ofrecemos asesoramiento y servicios al profesional de la pintura, con la mejor relaci\u00f3n de calidad precio. Nuestra ubicaci\u00f3n en el centro de Barcelona y nuestro personal cualificado, nos hace ser una empresa l\u00edder dentro del sector.<\/p>\t\t\t\t\t<\/div>\n\t\t\t\t\t\t<\/div>\n\t\t\t\t<\/div>\n\t\t\t\t\t\t<\/div>\n\t\t\t\t\t<\/div>\n\t\t<\/div>\n\t\t\t\t\t\t\t\t<\/div>\n\t\t\t\t\t<\/div>\n\t\t<\/section>\n\t\t\t\t<section class=\"elementor-section elementor-top-section elementor-element elementor-element-54dc3dd elementor-section-boxed elementor-section-height-default elementor-section-height-default\" data-id=\"54dc3dd\" data-element_type=\"section\">\n\t\t\t\t\t\t<div class=\"elementor-container elementor-column-gap-default\">\n\t\t\t\t\t\t\t<div class=\"elementor-row\">\n\t\t\t\t\t<div class=\"elementor-column elementor-col-100 elementor-top-column elementor-element elementor-element-596805e\" data-id=\"596805e\" data-element_type=\"column\">\n\t\t\t<div class=\"elementor-column-wrap elementor-element-populated\">\n\t\t\t\t\t\t\t<div class=\"elementor-widget-wrap\">\n\t\t\t\t\t\t<div class=\"elementor-element elementor-element-258a202 elementor-widget elementor-widget-spacer\" data-id=\"258a202\" data-element_type=\"widget\" data-widget_type=\"spacer.default\">\n\t\t\t\t<div class=\"elementor-widget-container\">\n\t\t\t\t\t<div class=\"elementor-spacer\">\n\t\t\t<div class=\"elementor-spacer-inner\"><\/div>\n\t\t<\/div>\n\t\t\t\t<\/div>\n\t\t\t\t<\/div>\n\t\t\t\t\t\t<\/div>\n\t\t\t\t\t<\/div>\n\t\t<\/div>\n\t\t\t\t\t\t\t\t<\/div>\n\t\t\t\t\t<\/div>\n\t\t<\/section>\n\t\t\t\t<section class=\"elementor-section elementor-top-section elementor-element elementor-element-d08971a elementor-section-boxed elementor-section-height-default elementor-section-height-default\" data-id=\"d08971a\" data-element_type=\"section\">\n\t\t\t\t\t\t<div class=\"elementor-container elementor-column-gap-default\">\n\t\t\t\t\t\t\t<div class=\"elementor-row\">\n\t\t\t\t\t<div class=\"elementor-column elementor-col-33 elementor-top-column elementor-element elementor-element-999289b\" data-id=\"999289b\" data-element_type=\"column\">\n\t\t\t<div class=\"elementor-column-wrap elementor-element-populated\">\n\t\t\t\t\t\t\t<div class=\"elementor-widget-wrap\">\n\t\t\t\t\t\t<div class=\"elementor-element elementor-element-2d73e67 elementor-widget elementor-widget-image\" data-id=\"2d73e67\" data-element_type=\"widget\" data-widget_type=\"image.default\">\n\t\t\t\t<div class=\"elementor-widget-container\">\n\t\t\t\t\t\t\t\t<div class=\"elementor-image\">\n\t\t\t\t\t\t\t\t\t\t\t\t<img decoding=\"async\" width=\"290\" height=\"280\" src=\"https:\/\/eliasdecoracio.es\/wp-content\/uploads\/2023\/03\/sobre-nosotros-pintura.png\" class=\"attachment-large size-large wp-image-1366\" alt=\"\" loading=\"lazy\" sizes=\"100vw\" \/>\t\t\t\t\t\t\t\t\t\t\t\t\t\t<\/div>\n\t\t\t\t\t\t<\/div>\n\t\t\t\t<\/div>\n\t\t\t\t\t\t<\/div>\n\t\t\t\t\t<\/div>\n\t\t<\/div>\n\t\t\t\t<div class=\"elementor-column elementor-col-33 elementor-top-column elementor-element elementor-element-667403d\" data-id=\"667403d\" data-element_type=\"column\">\n\t\t\t<div class=\"elementor-column-wrap elementor-element-populated\">\n\t\t\t\t\t\t\t<div class=\"elementor-widget-wrap\">\n\t\t\t\t\t\t<div class=\"elementor-element elementor-element-20c75ba elementor-widget elementor-widget-image\" data-id=\"20c75ba\" data-element_type=\"widget\" data-widget_type=\"image.default\">\n\t\t\t\t<div class=\"elementor-widget-container\">\n\t\t\t\t\t\t\t\t<div class=\"elementor-image\">\n\t\t\t\t\t\t\t\t\t\t\t\t<img decoding=\"async\" width=\"290\" height=\"280\" src=\"https:\/\/eliasdecoracio.es\/wp-content\/uploads\/2023\/03\/experienca.png\" class=\"attachment-large size-large wp-image-1154\" alt=\"\" loading=\"lazy\" sizes=\"100vw\" \/>\t\t\t\t\t\t\t\t\t\t\t\t\t\t<\/div>\n\t\t\t\t\t\t<\/div>\n\t\t\t\t<\/div>\n\t\t\t\t\t\t<\/div>\n\t\t\t\t\t<\/div>\n\t\t<\/div>\n\t\t\t\t<div class=\"elementor-column elementor-col-33 elementor-top-column elementor-element elementor-element-9586681\" data-id=\"9586681\" data-element_type=\"column\">\n\t\t\t<div class=\"elementor-column-wrap elementor-element-populated\">\n\t\t\t\t\t\t\t<div class=\"elementor-widget-wrap\">\n\t\t\t\t\t\t<div class=\"elementor-element elementor-element-13d4c9c elementor-widget elementor-widget-image\" data-id=\"13d4c9c\" data-element_type=\"widget\" data-widget_type=\"image.default\">\n\t\t\t\t<div class=\"elementor-widget-container\">\n\t\t\t\t\t\t\t\t<div class=\"elementor-image\">\n\t\t\t\t\t\t\t\t\t\t\t\t<img decoding=\"async\" width=\"290\" height=\"280\" src=\"https:\/\/eliasdecoracio.es\/wp-content\/uploads\/2023\/03\/sobre-nosotros-muestras-color.png\" class=\"attachment-large size-large wp-image-1364\" alt=\"\" loading=\"lazy\" sizes=\"100vw\" \/>\t\t\t\t\t\t\t\t\t\t\t\t\t\t<\/div>\n\t\t\t\t\t\t<\/div>\n\t\t\t\t<\/div>\n\t\t\t\t\t\t<\/div>\n\t\t\t\t\t<\/div>\n\t\t<\/div>\n\t\t\t\t\t\t\t\t<\/div>\n\t\t\t\t\t<\/div>\n\t\t<\/section>\n\t\t\t\t<section class=\"elementor-section elementor-top-section elementor-element elementor-element-a6dd3bb elementor-section-boxed elementor-section-height-default elementor-section-height-default\" data-id=\"a6dd3bb\" data-element_type=\"section\">\n\t\t\t\t\t\t<div class=\"elementor-container elementor-column-gap-default\">\n\t\t\t\t\t\t\t<div class=\"elementor-row\">\n\t\t\t\t\t<div class=\"elementor-column elementor-col-100 elementor-top-column elementor-element elementor-element-92a5d0d\" data-id=\"92a5d0d\" data-element_type=\"column\">\n\t\t\t<div class=\"elementor-column-wrap elementor-element-populated\">\n\t\t\t\t\t\t\t<div class=\"elementor-widget-wrap\">\n\t\t\t\t\t\t<div class=\"elementor-element elementor-element-41ab421 elementor-widget elementor-widget-spacer\" data-id=\"41ab421\" data-element_type=\"widget\" data-widget_type=\"spacer.default\">\n\t\t\t\t<div class=\"elementor-widget-container\">\n\t\t\t\t\t<div class=\"elementor-spacer\">\n\t\t\t<div class=\"elementor-spacer-inner\"><\/div>\n\t\t<\/div>\n\t\t\t\t<\/div>\n\t\t\t\t<\/div>\n\t\t\t\t\t\t<\/div>\n\t\t\t\t\t<\/div>\n\t\t<\/div>\n\t\t\t\t\t\t\t\t<\/div>\n\t\t\t\t\t<\/div>\n\t\t<\/section>\n\t\t\t\t\t\t\t\t\t<\/div>\n\t\t\t<\/div>\n\t\t\t\t\t<\/div>\n\t\t","protected":false},"excerpt":{"rendered":"<p>Sobre Elias Decoraci\u00f3 Elias Decoraci\u00f3, tu empresa de pinturas de confianza Elias Decoraci\u00f3 es una empresa fundada en 1940 (antigua droguer\u00eda Elias) dedicada a los productos de droguer\u00eda y pintura. Actualmente contamos con 4 tiendas, 3 en Barcelona y una en Puigcerd\u00e0, dedicadas al sector de la pintura y alta decoraci\u00f3n. Desde nuestros inicios, ofrecemos &hellip; <\/p>\n<p class=\"link-more\"><a href=\"https:\/\/eliasdecoracio.es\/es\/sobre-nosotros\/\" class=\"more-link\">Continuar leyendo<span class=\"screen-reader-text\"> &#8220;Sobre nosotros&#8221;<\/span><\/a><\/p>\n","protected":false},"author":2,"featured_media":0,"parent":0,"menu_order":0,"comment_status":"closed","ping_status":"closed","template":"elementor_header_footer","meta":{"inline_featured_image":false},"yoast_head":"<!-- This site is optimized with the Yoast SEO plugin v20.5 - https:\/\/yoast.com\/wordpress\/plugins\/seo\/ -->\n<title>Sobre nosotros | Pinturas Barcelona y Puigcerd\u00e0 | Elias Decoraci\u00f3<\/title>\n<meta name=\"description\" content=\"Empresa fundada en 1940 dedicada a los productos de droguer\u00eda y pintura que cuenta con 4 tiendas, 3 en Barcelona y una en Puigcerd\u00e0 de Pintura y Alta Decoraci\u00f3n.\" \/>\n<meta name=\"robots\" content=\"index, follow, max-snippet:-1, max-image-preview:large, max-video-preview:-1\" \/>\n<link rel=\"canonical\" href=\"https:\/\/eliasdecoracio.es\/sobre-nosaltres\/\" \/>\n<meta property=\"og:locale\" content=\"es_ES\" \/>\n<meta property=\"og:type\" content=\"article\" \/>\n<meta property=\"og:title\" content=\"Sobre nosotros | Pinturas Barcelona y Puigcerd\u00e0 | Elias Decoraci\u00f3\" \/>\n<meta property=\"og:description\" content=\"Empresa fundada en 1940 dedicada a los productos de droguer\u00eda y pintura que cuenta con 4 tiendas, 3 en Barcelona y una en Puigcerd\u00e0 de Pintura y Alta Decoraci\u00f3n.\" \/>\n<meta property=\"og:url\" content=\"https:\/\/eliasdecoracio.es\/sobre-nosaltres\/\" \/>\n<meta property=\"og:site_name\" content=\"Elias Decoraci\u00f3 |\u00a0Especialistas en pinturas industriales y decoraci\u00f3n en Barcelona\" \/>\n<meta property=\"article:modified_time\" content=\"2023-03-29T07:12:06+00:00\" \/>\n<meta property=\"og:image\" content=\"https:\/\/eliasdecoracio.es\/wp-content\/uploads\/2023\/03\/sobre-nosotros-pintura.png\" \/>\n<meta name=\"twitter:card\" content=\"summary_large_image\" \/>\n<meta name=\"twitter:label1\" content=\"Tiempo de lectura\" \/>\n\t<meta name=\"twitter:data1\" content=\"2 minutos\" \/>\n<script type=\"application\/ld+json\" class=\"yoast-schema-graph\">{\"@context\":\"https:\/\/schema.org\",\"@graph\":[{\"@type\":\"WebPage\",\"@id\":\"https:\/\/eliasdecoracio.es\/sobre-nosaltres\/\",\"url\":\"https:\/\/eliasdecoracio.es\/sobre-nosaltres\/\",\"name\":\"Sobre nosotros | Pinturas Barcelona y Puigcerd\u00e0 | Elias Decoraci\u00f3\",\"isPartOf\":{\"@id\":\"https:\/\/eliasdecoracio.es\/#website\"},\"datePublished\":\"2020-10-19T10:49:03+00:00\",\"dateModified\":\"2023-03-29T07:12:06+00:00\",\"description\":\"Empresa fundada en 1940 dedicada a los productos de droguer\u00eda y pintura que cuenta con 4 tiendas, 3 en Barcelona y una en Puigcerd\u00e0 de Pintura y Alta Decoraci\u00f3n.\",\"breadcrumb\":{\"@id\":\"https:\/\/eliasdecoracio.es\/sobre-nosaltres\/#breadcrumb\"},\"inLanguage\":\"es\",\"potentialAction\":[{\"@type\":\"ReadAction\",\"target\":[\"https:\/\/eliasdecoracio.es\/sobre-nosaltres\/\"]}]},{\"@type\":\"BreadcrumbList\",\"@id\":\"https:\/\/eliasdecoracio.es\/sobre-nosaltres\/#breadcrumb\",\"itemListElement\":[{\"@type\":\"ListItem\",\"position\":1,\"name\":\"Inici\",\"item\":\"https:\/\/eliasdecoracio.es\/\"},{\"@type\":\"ListItem\",\"position\":2,\"name\":\"Sobre nosotros\"}]},{\"@type\":\"WebSite\",\"@id\":\"https:\/\/eliasdecoracio.es\/#website\",\"url\":\"https:\/\/eliasdecoracio.es\/\",\"name\":\"Elias Decoraci\u00f3 |\u00a0Especialistas en pinturas industriales y decoraci\u00f3n en Barcelona\",\"description\":\"Especialistas en pinturas industriales y decoraci\u00f3n en Barcelona, Puigerd\u00e0 y Gerona.\",\"publisher\":{\"@id\":\"https:\/\/eliasdecoracio.es\/#organization\"},\"potentialAction\":[{\"@type\":\"SearchAction\",\"target\":{\"@type\":\"EntryPoint\",\"urlTemplate\":\"https:\/\/eliasdecoracio.es\/?s={search_term_string}\"},\"query-input\":\"required name=search_term_string\"}],\"inLanguage\":\"es\"},{\"@type\":\"Organization\",\"@id\":\"https:\/\/eliasdecoracio.es\/#organization\",\"name\":\"Elias Decoraci\u00f3 |\u00a0Especialistas en pinturas industriales y decoraci\u00f3n en Barcelona\",\"url\":\"https:\/\/eliasdecoracio.es\/\",\"logo\":{\"@type\":\"ImageObject\",\"inLanguage\":\"es\",\"@id\":\"https:\/\/eliasdecoracio.es\/#\/schema\/logo\/image\/\",\"url\":\"https:\/\/eliasdecoracio.es\/wp-content\/uploads\/2020\/09\/logo-elias-png.png\",\"contentUrl\":\"https:\/\/eliasdecoracio.es\/wp-content\/uploads\/2020\/09\/logo-elias-png.png\",\"width\":1200,\"height\":1200,\"caption\":\"Elias Decoraci\u00f3 |\u00a0Especialistas en pinturas industriales y decoraci\u00f3n en Barcelona\"},\"image\":{\"@id\":\"https:\/\/eliasdecoracio.es\/#\/schema\/logo\/image\/\"}}]}<\/script>\n<!-- \/ Yoast SEO plugin. -->","yoast_head_json":{"title":"Sobre nosotros | Pinturas Barcelona y Puigcerd\u00e0 | Elias Decoraci\u00f3","description":"Empresa fundada en 1940 dedicada a los productos de droguer\u00eda y pintura que cuenta con 4 tiendas, 3 en Barcelona y una en Puigcerd\u00e0 de Pintura y Alta Decoraci\u00f3n.","robots":{"index":"index","follow":"follow","max-snippet":"max-snippet:-1","max-image-preview":"max-image-preview:large","max-video-preview":"max-video-preview:-1"},"canonical":"https:\/\/eliasdecoracio.es\/sobre-nosaltres\/","og_locale":"es_ES","og_type":"article","og_title":"Sobre nosotros | Pinturas Barcelona y Puigcerd\u00e0 | Elias Decoraci\u00f3","og_description":"Empresa fundada en 1940 dedicada a los productos de droguer\u00eda y pintura que cuenta con 4 tiendas, 3 en Barcelona y una en Puigcerd\u00e0 de Pintura y Alta Decoraci\u00f3n.","og_url":"https:\/\/eliasdecoracio.es\/sobre-nosaltres\/","og_site_name":"Elias Decoraci\u00f3 |\u00a0Especialistas en pinturas industriales y decoraci\u00f3n en Barcelona","article_modified_time":"2023-03-29T07:12:06+00:00","og_image":[{"url":"https:\/\/eliasdecoracio.es\/wp-content\/uploads\/2023\/03\/sobre-nosotros-pintura.png"}],"twitter_card":"summary_large_image","twitter_misc":{"Tiempo de lectura":"2 minutos"},"schema":{"@context":"https:\/\/schema.org","@graph":[{"@type":"WebPage","@id":"https:\/\/eliasdecoracio.es\/sobre-nosaltres\/","url":"https:\/\/eliasdecoracio.es\/sobre-nosaltres\/","name":"Sobre nosotros | Pinturas Barcelona y Puigcerd\u00e0 | Elias Decoraci\u00f3","isPartOf":{"@id":"https:\/\/eliasdecoracio.es\/#website"},"datePublished":"2020-10-19T10:49:03+00:00","dateModified":"2023-03-29T07:12:06+00:00","description":"Empresa fundada en 1940 dedicada a los productos de droguer\u00eda y pintura que cuenta con 4 tiendas, 3 en Barcelona y una en Puigcerd\u00e0 de Pintura y Alta Decoraci\u00f3n.","breadcrumb":{"@id":"https:\/\/eliasdecoracio.es\/sobre-nosaltres\/#breadcrumb"},"inLanguage":"es","potentialAction":[{"@type":"ReadAction","target":["https:\/\/eliasdecoracio.es\/sobre-nosaltres\/"]}]},{"@type":"BreadcrumbList","@id":"https:\/\/eliasdecoracio.es\/sobre-nosaltres\/#breadcrumb","itemListElement":[{"@type":"ListItem","position":1,"name":"Inici","item":"https:\/\/eliasdecoracio.es\/"},{"@type":"ListItem","position":2,"name":"Sobre nosotros"}]},{"@type":"WebSite","@id":"https:\/\/eliasdecoracio.es\/#website","url":"https:\/\/eliasdecoracio.es\/","name":"Elias Decoraci\u00f3 |\u00a0Especialistas en pinturas industriales y decoraci\u00f3n en Barcelona","description":"Especialistas en pinturas industriales y decoraci\u00f3n en Barcelona, Puigerd\u00e0 y Gerona.","publisher":{"@id":"https:\/\/eliasdecoracio.es\/#organization"},"potentialAction":[{"@type":"SearchAction","target":{"@type":"EntryPoint","urlTemplate":"https:\/\/eliasdecoracio.es\/?s={search_term_string}"},"query-input":"required name=search_term_string"}],"inLanguage":"es"},{"@type":"Organization","@id":"https:\/\/eliasdecoracio.es\/#organization","name":"Elias Decoraci\u00f3 |\u00a0Especialistas en pinturas industriales y decoraci\u00f3n en Barcelona","url":"https:\/\/eliasdecoracio.es\/","logo":{"@type":"ImageObject","inLanguage":"es","@id":"https:\/\/eliasdecoracio.es\/#\/schema\/logo\/image\/","url":"https:\/\/eliasdecoracio.es\/wp-content\/uploads\/2020\/09\/logo-elias-png.png","contentUrl":"https:\/\/eliasdecoracio.es\/wp-content\/uploads\/2020\/09\/logo-elias-png.png","width":1200,"height":1200,"caption":"Elias Decoraci\u00f3 |\u00a0Especialistas en pinturas industriales y decoraci\u00f3n en Barcelona"},"image":{"@id":"https:\/\/eliasdecoracio.es\/#\/schema\/logo\/image\/"}}]}},"_links":{"self":[{"href":"https:\/\/eliasdecoracio.es\/es\/wp-json\/wp\/v2\/pages\/483"}],"collection":[{"href":"https:\/\/eliasdecoracio.es\/es\/wp-json\/wp\/v2\/pages"}],"about":[{"href":"https:\/\/eliasdecoracio.es\/es\/wp-json\/wp\/v2\/types\/page"}],"author":[{"embeddable":true,"href":"https:\/\/eliasdecoracio.es\/es\/wp-json\/wp\/v2\/users\/2"}],"replies":[{"embeddable":true,"href":"https:\/\/eliasdecoracio.es\/es\/wp-json\/wp\/v2\/comments?post=483"}],"version-history":[{"count":11,"href":"https:\/\/eliasdecoracio.es\/es\/wp-json\/wp\/v2\/pages\/483\/revisions"}],"predecessor-version":[{"id":1383,"href":"https:\/\/eliasdecoracio.es\/es\/wp-json\/wp\/v2\/pages\/483\/revisions\/1383"}],"wp:attachment":[{"href":"https:\/\/eliasdecoracio.es\/es\/wp-json\/wp\/v2\/media?parent=483"}],"curies":[{"name":"wp","href":"https:\/\/api.w.org\/{rel}","templated":true}]}}