{"id":466,"date":"2020-10-23T11:39:44","date_gmt":"2020-10-23T09:39:44","guid":{"rendered":"https:\/\/eliasdecoracio.es\/nuestras-tiendas-elias-decoracio\/centre-maria-claret\/"},"modified":"2023-03-31T12:14:44","modified_gmt":"2023-03-31T10:14:44","slug":"centro-maria-claret","status":"publish","type":"page","link":"https:\/\/eliasdecoracio.es\/es\/nuestras-tiendas-elias-decoracio\/centro-maria-claret\/","title":{"rendered":"Centro Maria Claret"},"content":{"rendered":"\t\t<div data-elementor-type=\"wp-page\" data-elementor-id=\"466\" class=\"elementor elementor-466 elementor-337\">\n\t\t\t\t\t\t<div class=\"elementor-inner\">\n\t\t\t\t<div class=\"elementor-section-wrap\">\n\t\t\t\t\t\t\t\t\t<section class=\"elementor-section elementor-top-section elementor-element elementor-element-ef7f766 elementor-section-height-min-height elementor-section-content-middle elementor-section-boxed elementor-section-height-default elementor-section-items-middle\" data-id=\"ef7f766\" data-element_type=\"section\" data-settings=\"{&quot;background_background&quot;:&quot;classic&quot;}\">\n\t\t\t\t\t\t<div class=\"elementor-container elementor-column-gap-default\">\n\t\t\t\t\t\t\t<div class=\"elementor-row\">\n\t\t\t\t\t<div class=\"elementor-column elementor-col-100 elementor-top-column elementor-element elementor-element-ee55945\" data-id=\"ee55945\" data-element_type=\"column\">\n\t\t\t<div class=\"elementor-column-wrap elementor-element-populated\">\n\t\t\t\t\t\t\t<div class=\"elementor-widget-wrap\">\n\t\t\t\t\t\t<div class=\"elementor-element elementor-element-353db86 elementor-widget elementor-widget-heading\" data-id=\"353db86\" data-element_type=\"widget\" data-widget_type=\"heading.default\">\n\t\t\t\t<div class=\"elementor-widget-container\">\n\t\t\t<h2 class=\"elementor-heading-title elementor-size-large\">Descubre la tienda de Maria Claret<\/h2>\t\t<\/div>\n\t\t\t\t<\/div>\n\t\t\t\t<div class=\"elementor-element elementor-element-a4caeef elementor-widget elementor-widget-text-editor\" data-id=\"a4caeef\" data-element_type=\"widget\" data-widget_type=\"text-editor.default\">\n\t\t\t\t<div class=\"elementor-widget-container\">\n\t\t\t\t\t\t\t\t<div class=\"elementor-text-editor elementor-clearfix\">\n\t\t\t\t<p>Ven a disfrutar de una amplia selecci\u00f3n de productos de pintura<\/p>\t\t\t\t\t<\/div>\n\t\t\t\t\t\t<\/div>\n\t\t\t\t<\/div>\n\t\t\t\t\t\t<\/div>\n\t\t\t\t\t<\/div>\n\t\t<\/div>\n\t\t\t\t\t\t\t\t<\/div>\n\t\t\t\t\t<\/div>\n\t\t<\/section>\n\t\t\t\t<section class=\"elementor-section elementor-top-section elementor-element elementor-element-fee3fe3 elementor-section-boxed elementor-section-height-default elementor-section-height-default\" data-id=\"fee3fe3\" data-element_type=\"section\">\n\t\t\t\t\t\t<div class=\"elementor-container elementor-column-gap-default\">\n\t\t\t\t\t\t\t<div class=\"elementor-row\">\n\t\t\t\t\t<div class=\"elementor-column elementor-col-100 elementor-top-column elementor-element elementor-element-b8db53b\" data-id=\"b8db53b\" data-element_type=\"column\">\n\t\t\t<div class=\"elementor-column-wrap elementor-element-populated\">\n\t\t\t\t\t\t\t<div class=\"elementor-widget-wrap\">\n\t\t\t\t\t\t<div class=\"elementor-element elementor-element-599c892 elementor-widget elementor-widget-heading\" data-id=\"599c892\" data-element_type=\"widget\" data-widget_type=\"heading.default\">\n\t\t\t\t<div class=\"elementor-widget-container\">\n\t\t\t<h3 class=\"elementor-heading-title elementor-size-large\">St Antoni Maria Claret\n<\/h3>\t\t<\/div>\n\t\t\t\t<\/div>\n\t\t\t\t<div class=\"elementor-element elementor-element-a820f89 elementor-widget elementor-widget-google_maps\" data-id=\"a820f89\" data-element_type=\"widget\" data-widget_type=\"google_maps.default\">\n\t\t\t\t<div class=\"elementor-widget-container\">\n\t\t\t\t\t<div class=\"elementor-custom-embed\">\n\t\t\t<iframe loading=\"lazy\"\n\t\t\t\t\tsrc=\"https:\/\/maps.google.com\/maps?q=Sant%20Antoni%20Maria%20Claret%2C%20204&#038;t=m&#038;z=10&#038;output=embed&#038;iwloc=near\"\n\t\t\t\t\ttitle=\"Sant Antoni Maria Claret, 204\"\n\t\t\t\t\taria-label=\"Sant Antoni Maria Claret, 204\"\n\t\t\t><\/iframe>\n\t\t<\/div>\n\t\t\t\t<\/div>\n\t\t\t\t<\/div>\n\t\t\t\t\t\t<\/div>\n\t\t\t\t\t<\/div>\n\t\t<\/div>\n\t\t\t\t\t\t\t\t<\/div>\n\t\t\t\t\t<\/div>\n\t\t<\/section>\n\t\t\t\t<section class=\"elementor-section elementor-top-section elementor-element elementor-element-ce8c6dd elementor-section-full_width elementor-section-content-middle elementor-section-height-default elementor-section-height-default\" data-id=\"ce8c6dd\" data-element_type=\"section\">\n\t\t\t\t\t\t<div class=\"elementor-container elementor-column-gap-no\">\n\t\t\t\t\t\t\t<div class=\"elementor-row\">\n\t\t\t\t\t<div class=\"elementor-column elementor-col-100 elementor-top-column elementor-element elementor-element-6c1d834\" data-id=\"6c1d834\" data-element_type=\"column\">\n\t\t\t<div class=\"elementor-column-wrap elementor-element-populated\">\n\t\t\t\t\t\t\t<div class=\"elementor-widget-wrap\">\n\t\t\t\t\t\t<div class=\"elementor-element elementor-element-a1ac2e0 elementor-icon-list--layout-inline elementor-list-item-link-inline elementor-align-center elementor-widget elementor-widget-icon-list\" data-id=\"a1ac2e0\" data-element_type=\"widget\" data-widget_type=\"icon-list.default\">\n\t\t\t\t<div class=\"elementor-widget-container\">\n\t\t\t\t\t<ul class=\"elementor-icon-list-items elementor-inline-items\">\n\t\t\t\t\t\t\t<li class=\"elementor-icon-list-item elementor-inline-item\">\n\t\t\t\t\t\t\t\t\t\t\t<span class=\"elementor-icon-list-icon\">\n\t\t\t\t\t\t\t<i aria-hidden=\"true\" class=\"fas fa-home\"><\/i>\t\t\t\t\t\t<\/span>\n\t\t\t\t\t\t\t\t\t\t<span class=\"elementor-icon-list-text\">Sant Antoni Maria Claret, 204<\/span>\n\t\t\t\t\t\t\t\t\t<\/li>\n\t\t\t\t\t\t\t\t<li class=\"elementor-icon-list-item elementor-inline-item\">\n\t\t\t\t\t\t\t\t\t\t\t<a href=\"tel:+34934500774\">\n\n\t\t\t\t\t\t\t\t\t\t\t\t<span class=\"elementor-icon-list-icon\">\n\t\t\t\t\t\t\t<i aria-hidden=\"true\" class=\"fas fa-phone-square\"><\/i>\t\t\t\t\t\t<\/span>\n\t\t\t\t\t\t\t\t\t\t<span class=\"elementor-icon-list-text\">934 500 774<\/span>\n\t\t\t\t\t\t\t\t\t\t\t<\/a>\n\t\t\t\t\t\t\t\t\t<\/li>\n\t\t\t\t\t\t\t\t<li class=\"elementor-icon-list-item elementor-inline-item\">\n\t\t\t\t\t\t\t\t\t\t\t<span class=\"elementor-icon-list-icon\">\n\t\t\t\t\t\t\t<i aria-hidden=\"true\" class=\"far fa-calendar-check\"><\/i>\t\t\t\t\t\t<\/span>\n\t\t\t\t\t\t\t\t\t\t<span class=\"elementor-icon-list-text\">L - V: 7:30h a 19h<\/span>\n\t\t\t\t\t\t\t\t\t<\/li>\n\t\t\t\t\t\t\t\t<li class=\"elementor-icon-list-item elementor-inline-item\">\n\t\t\t\t\t\t\t\t\t\t\t<span class=\"elementor-icon-list-icon\">\n\t\t\t\t\t\t\t<i aria-hidden=\"true\" class=\"far fa-calendar-check\"><\/i>\t\t\t\t\t\t<\/span>\n\t\t\t\t\t\t\t\t\t\t<span class=\"elementor-icon-list-text\">S\u00e1b: 9h a 13:30h<\/span>\n\t\t\t\t\t\t\t\t\t<\/li>\n\t\t\t\t\t\t\t\t<li class=\"elementor-icon-list-item elementor-inline-item\">\n\t\t\t\t\t\t\t\t\t\t\t<a href=\"mailto:claret@eliasdecoracio.es\">\n\n\t\t\t\t\t\t\t\t\t\t\t\t<span class=\"elementor-icon-list-icon\">\n\t\t\t\t\t\t\t<i aria-hidden=\"true\" class=\"fas fa-envelope\"><\/i>\t\t\t\t\t\t<\/span>\n\t\t\t\t\t\t\t\t\t\t<span class=\"elementor-icon-list-text\">claret@eliasdecoracio.es<\/span>\n\t\t\t\t\t\t\t\t\t\t\t<\/a>\n\t\t\t\t\t\t\t\t\t<\/li>\n\t\t\t\t\t\t<\/ul>\n\t\t\t\t<\/div>\n\t\t\t\t<\/div>\n\t\t\t\t\t\t<\/div>\n\t\t\t\t\t<\/div>\n\t\t<\/div>\n\t\t\t\t\t\t\t\t<\/div>\n\t\t\t\t\t<\/div>\n\t\t<\/section>\n\t\t\t\t\t\t\t\t\t<\/div>\n\t\t\t<\/div>\n\t\t\t\t\t<\/div>\n\t\t","protected":false},"excerpt":{"rendered":"<p>Descubre la tienda de Maria Claret Ven a disfrutar de una amplia selecci\u00f3n de productos de pintura St Antoni Maria Claret Sant Antoni Maria Claret, 204 934 500 774 L &#8211; V: 7:30h a 19h S\u00e1b: 9h a 13:30h claret@eliasdecoracio.es<\/p>\n","protected":false},"author":2,"featured_media":0,"parent":452,"menu_order":0,"comment_status":"closed","ping_status":"closed","template":"elementor_header_footer","meta":{"inline_featured_image":false},"yoast_head":"<!-- This site is optimized with the Yoast SEO plugin v20.5 - https:\/\/yoast.com\/wordpress\/plugins\/seo\/ -->\n<title>Centro Maria Claret | Tienda de pinturas Barcelona | Elias Decoraci\u00f3<\/title>\n<meta name=\"description\" content=\"Elias Decoraci\u00f3 BCN tiene un centro en Maria Claret con una amplia selecci\u00f3n de productos de pintura. Nos puedes encontrar en Sant Antoni Maria Claret, 204.\" \/>\n<meta name=\"robots\" content=\"index, follow, max-snippet:-1, max-image-preview:large, max-video-preview:-1\" \/>\n<link rel=\"canonical\" href=\"https:\/\/eliasdecoracio.es\/les-nostres-botigues-elias-decoracio\/centre-maria-claret\/\" \/>\n<meta property=\"og:locale\" content=\"es_ES\" \/>\n<meta property=\"og:type\" content=\"article\" \/>\n<meta property=\"og:title\" content=\"Centro Maria Claret | Tienda de pinturas Barcelona | Elias Decoraci\u00f3\" \/>\n<meta property=\"og:description\" content=\"Elias Decoraci\u00f3 BCN tiene un centro en Maria Claret con una amplia selecci\u00f3n de productos de pintura. Nos puedes encontrar en Sant Antoni Maria Claret, 204.\" \/>\n<meta property=\"og:url\" content=\"https:\/\/eliasdecoracio.es\/les-nostres-botigues-elias-decoracio\/centre-maria-claret\/\" \/>\n<meta property=\"og:site_name\" content=\"Elias Decoraci\u00f3 |\u00a0Especialistas en pinturas industriales y decoraci\u00f3n en Barcelona\" \/>\n<meta property=\"article:modified_time\" content=\"2023-03-31T10:14:44+00:00\" \/>\n<meta name=\"twitter:card\" content=\"summary_large_image\" \/>\n<meta name=\"twitter:label1\" content=\"Tiempo de lectura\" \/>\n\t<meta name=\"twitter:data1\" content=\"1 minuto\" \/>\n<script type=\"application\/ld+json\" class=\"yoast-schema-graph\">{\"@context\":\"https:\/\/schema.org\",\"@graph\":[{\"@type\":\"WebPage\",\"@id\":\"https:\/\/eliasdecoracio.es\/les-nostres-botigues-elias-decoracio\/centre-maria-claret\/\",\"url\":\"https:\/\/eliasdecoracio.es\/les-nostres-botigues-elias-decoracio\/centre-maria-claret\/\",\"name\":\"Centro Maria Claret | Tienda de pinturas Barcelona | Elias Decoraci\u00f3\",\"isPartOf\":{\"@id\":\"https:\/\/eliasdecoracio.es\/#website\"},\"datePublished\":\"2020-10-23T09:39:44+00:00\",\"dateModified\":\"2023-03-31T10:14:44+00:00\",\"description\":\"Elias Decoraci\u00f3 BCN tiene un centro en Maria Claret con una amplia selecci\u00f3n de productos de pintura. Nos puedes encontrar en Sant Antoni Maria Claret, 204.\",\"breadcrumb\":{\"@id\":\"https:\/\/eliasdecoracio.es\/les-nostres-botigues-elias-decoracio\/centre-maria-claret\/#breadcrumb\"},\"inLanguage\":\"es\",\"potentialAction\":[{\"@type\":\"ReadAction\",\"target\":[\"https:\/\/eliasdecoracio.es\/les-nostres-botigues-elias-decoracio\/centre-maria-claret\/\"]}]},{\"@type\":\"BreadcrumbList\",\"@id\":\"https:\/\/eliasdecoracio.es\/les-nostres-botigues-elias-decoracio\/centre-maria-claret\/#breadcrumb\",\"itemListElement\":[{\"@type\":\"ListItem\",\"position\":1,\"name\":\"Inici\",\"item\":\"https:\/\/eliasdecoracio.es\/\"},{\"@type\":\"ListItem\",\"position\":2,\"name\":\"Nuestras tiendas Elias decoraci\u00f3\",\"item\":\"https:\/\/eliasdecoracio.es\/les-nostres-botigues-elias-decoracio\/\"},{\"@type\":\"ListItem\",\"position\":3,\"name\":\"Centro Maria Claret\"}]},{\"@type\":\"WebSite\",\"@id\":\"https:\/\/eliasdecoracio.es\/#website\",\"url\":\"https:\/\/eliasdecoracio.es\/\",\"name\":\"Elias Decoraci\u00f3 |\u00a0Especialistas en pinturas industriales y decoraci\u00f3n en Barcelona\",\"description\":\"Especialistas en pinturas industriales y decoraci\u00f3n en Barcelona, Puigerd\u00e0 y Gerona.\",\"publisher\":{\"@id\":\"https:\/\/eliasdecoracio.es\/#organization\"},\"potentialAction\":[{\"@type\":\"SearchAction\",\"target\":{\"@type\":\"EntryPoint\",\"urlTemplate\":\"https:\/\/eliasdecoracio.es\/?s={search_term_string}\"},\"query-input\":\"required name=search_term_string\"}],\"inLanguage\":\"es\"},{\"@type\":\"Organization\",\"@id\":\"https:\/\/eliasdecoracio.es\/#organization\",\"name\":\"Elias Decoraci\u00f3 |\u00a0Especialistas en pinturas industriales y decoraci\u00f3n en Barcelona\",\"url\":\"https:\/\/eliasdecoracio.es\/\",\"logo\":{\"@type\":\"ImageObject\",\"inLanguage\":\"es\",\"@id\":\"https:\/\/eliasdecoracio.es\/#\/schema\/logo\/image\/\",\"url\":\"https:\/\/eliasdecoracio.es\/wp-content\/uploads\/2020\/09\/logo-elias-png.png\",\"contentUrl\":\"https:\/\/eliasdecoracio.es\/wp-content\/uploads\/2020\/09\/logo-elias-png.png\",\"width\":1200,\"height\":1200,\"caption\":\"Elias Decoraci\u00f3 |\u00a0Especialistas en pinturas industriales y decoraci\u00f3n en Barcelona\"},\"image\":{\"@id\":\"https:\/\/eliasdecoracio.es\/#\/schema\/logo\/image\/\"}}]}<\/script>\n<!-- \/ Yoast SEO plugin. -->","yoast_head_json":{"title":"Centro Maria Claret | Tienda de pinturas Barcelona | Elias Decoraci\u00f3","description":"Elias Decoraci\u00f3 BCN tiene un centro en Maria Claret con una amplia selecci\u00f3n de productos de pintura. Nos puedes encontrar en Sant Antoni Maria Claret, 204.","robots":{"index":"index","follow":"follow","max-snippet":"max-snippet:-1","max-image-preview":"max-image-preview:large","max-video-preview":"max-video-preview:-1"},"canonical":"https:\/\/eliasdecoracio.es\/les-nostres-botigues-elias-decoracio\/centre-maria-claret\/","og_locale":"es_ES","og_type":"article","og_title":"Centro Maria Claret | Tienda de pinturas Barcelona | Elias Decoraci\u00f3","og_description":"Elias Decoraci\u00f3 BCN tiene un centro en Maria Claret con una amplia selecci\u00f3n de productos de pintura. Nos puedes encontrar en Sant Antoni Maria Claret, 204.","og_url":"https:\/\/eliasdecoracio.es\/les-nostres-botigues-elias-decoracio\/centre-maria-claret\/","og_site_name":"Elias Decoraci\u00f3 |\u00a0Especialistas en pinturas industriales y decoraci\u00f3n en Barcelona","article_modified_time":"2023-03-31T10:14:44+00:00","twitter_card":"summary_large_image","twitter_misc":{"Tiempo de lectura":"1 minuto"},"schema":{"@context":"https:\/\/schema.org","@graph":[{"@type":"WebPage","@id":"https:\/\/eliasdecoracio.es\/les-nostres-botigues-elias-decoracio\/centre-maria-claret\/","url":"https:\/\/eliasdecoracio.es\/les-nostres-botigues-elias-decoracio\/centre-maria-claret\/","name":"Centro Maria Claret | Tienda de pinturas Barcelona | Elias Decoraci\u00f3","isPartOf":{"@id":"https:\/\/eliasdecoracio.es\/#website"},"datePublished":"2020-10-23T09:39:44+00:00","dateModified":"2023-03-31T10:14:44+00:00","description":"Elias Decoraci\u00f3 BCN tiene un centro en Maria Claret con una amplia selecci\u00f3n de productos de pintura. Nos puedes encontrar en Sant Antoni Maria Claret, 204.","breadcrumb":{"@id":"https:\/\/eliasdecoracio.es\/les-nostres-botigues-elias-decoracio\/centre-maria-claret\/#breadcrumb"},"inLanguage":"es","potentialAction":[{"@type":"ReadAction","target":["https:\/\/eliasdecoracio.es\/les-nostres-botigues-elias-decoracio\/centre-maria-claret\/"]}]},{"@type":"BreadcrumbList","@id":"https:\/\/eliasdecoracio.es\/les-nostres-botigues-elias-decoracio\/centre-maria-claret\/#breadcrumb","itemListElement":[{"@type":"ListItem","position":1,"name":"Inici","item":"https:\/\/eliasdecoracio.es\/"},{"@type":"ListItem","position":2,"name":"Nuestras tiendas Elias decoraci\u00f3","item":"https:\/\/eliasdecoracio.es\/les-nostres-botigues-elias-decoracio\/"},{"@type":"ListItem","position":3,"name":"Centro Maria Claret"}]},{"@type":"WebSite","@id":"https:\/\/eliasdecoracio.es\/#website","url":"https:\/\/eliasdecoracio.es\/","name":"Elias Decoraci\u00f3 |\u00a0Especialistas en pinturas industriales y decoraci\u00f3n en Barcelona","description":"Especialistas en pinturas industriales y decoraci\u00f3n en Barcelona, Puigerd\u00e0 y Gerona.","publisher":{"@id":"https:\/\/eliasdecoracio.es\/#organization"},"potentialAction":[{"@type":"SearchAction","target":{"@type":"EntryPoint","urlTemplate":"https:\/\/eliasdecoracio.es\/?s={search_term_string}"},"query-input":"required name=search_term_string"}],"inLanguage":"es"},{"@type":"Organization","@id":"https:\/\/eliasdecoracio.es\/#organization","name":"Elias Decoraci\u00f3 |\u00a0Especialistas en pinturas industriales y decoraci\u00f3n en Barcelona","url":"https:\/\/eliasdecoracio.es\/","logo":{"@type":"ImageObject","inLanguage":"es","@id":"https:\/\/eliasdecoracio.es\/#\/schema\/logo\/image\/","url":"https:\/\/eliasdecoracio.es\/wp-content\/uploads\/2020\/09\/logo-elias-png.png","contentUrl":"https:\/\/eliasdecoracio.es\/wp-content\/uploads\/2020\/09\/logo-elias-png.png","width":1200,"height":1200,"caption":"Elias Decoraci\u00f3 |\u00a0Especialistas en pinturas industriales y decoraci\u00f3n en Barcelona"},"image":{"@id":"https:\/\/eliasdecoracio.es\/#\/schema\/logo\/image\/"}}]}},"_links":{"self":[{"href":"https:\/\/eliasdecoracio.es\/es\/wp-json\/wp\/v2\/pages\/466"}],"collection":[{"href":"https:\/\/eliasdecoracio.es\/es\/wp-json\/wp\/v2\/pages"}],"about":[{"href":"https:\/\/eliasdecoracio.es\/es\/wp-json\/wp\/v2\/types\/page"}],"author":[{"embeddable":true,"href":"https:\/\/eliasdecoracio.es\/es\/wp-json\/wp\/v2\/users\/2"}],"replies":[{"embeddable":true,"href":"https:\/\/eliasdecoracio.es\/es\/wp-json\/wp\/v2\/comments?post=466"}],"version-history":[{"count":9,"href":"https:\/\/eliasdecoracio.es\/es\/wp-json\/wp\/v2\/pages\/466\/revisions"}],"predecessor-version":[{"id":1646,"href":"https:\/\/eliasdecoracio.es\/es\/wp-json\/wp\/v2\/pages\/466\/revisions\/1646"}],"up":[{"embeddable":true,"href":"https:\/\/eliasdecoracio.es\/es\/wp-json\/wp\/v2\/pages\/452"}],"wp:attachment":[{"href":"https:\/\/eliasdecoracio.es\/es\/wp-json\/wp\/v2\/media?parent=466"}],"curies":[{"name":"wp","href":"https:\/\/api.w.org\/{rel}","templated":true}]}}